{"id":53441,"date":"2018-05-29T14:53:27","date_gmt":"2018-05-29T12:53:27","guid":{"rendered":"http:\/\/www.imper.it\/?page_id=53441"},"modified":"2025-11-24T16:41:34","modified_gmt":"2025-11-24T15:41:34","slug":"certificazioni","status":"publish","type":"page","link":"https:\/\/www.imper.it\/es\/about-us\/certificazioni\/","title":{"rendered":"Certificaciones"},"content":{"rendered":"<p>[vc_row bg_type=\u00bbimage\u00bb parallax_style=\u00bbvcpb-vz-jquery\u00bb bg_image_new=\u00bbid^53349|url^https:\/\/www.imper.it\/wp-content\/uploads\/2018\/05\/Certificazioni_105916091_small.jpg|caption^SSUCv3H4sIAAAAAAAEAJ2US4+bMBCA75X6HyLOOfBYmmT\/yqqHwRgYrWEsj6GbjfLfayCpbHAuvTHfPJiX5\/bzx+GQVMAokvfDbZacjEqNbA1YpMHh9PjgskZLBkHNcGb3RZOwBTuyZC9ElhemcXJ+ejqXaaq\/AgIK+mtAKmzZkvjUHVkKNAKGVxqF2mkn4B2uJShpQkyKRlNRmIkwcokewtEKYLsJUEtNjHbJI\/xjjcykJhlCI6Fni32IJetAbqTroJEaRRizcX8BAxXCDqsNaw3oDoWSjaVJGo4pDU6bcvBFV5WbcwB64ljRGgbbSdO71QjT0fhlN2T2rsch7ISmoS5D4obBzTYhfr0B3I3WjWk\/wYU0LlwX4EkKt8Z78wlrSZVymPe8w81kr3DtXUfDVK402rEKDb+JBthsoXte1DdWZ3Gcx3ERx29xXMbxrzg+xfE5ji8vykkX7p0GAVa2bpeC4\/C8Nx+rfHgqHi\/dOlWSHD3GY7WwJ7of\/9tz\/fj97wa1chDzEbrdvayNVBLWg\/axmiaff9yK9UsVD6NlLTwZxhrJq3IiAWp2KLzI2qDAofXcaH4\/nrw20wMD2SWTR2FJ7Vo6i1mRpUWaXYoyLy\/pOT+dXZX3v+j1rVDSBQAA|alt^null|title^businessman pressing button on virtual screens|description^null\u00bb bg_image_repeat=\u00bbno-repeat\u00bb bg_override=\u00bbfull\u00bb enable_overlay=\u00bbenable_overlay_value\u00bb overlay_color=\u00bbrgba(0,0,0,0.5)\u00bb overlay_pattern=\u00bbtransperant\u00bb overlay_pattern_opacity=\u00bb25&#8243; css=\u00bb.vc_custom_1526285670648{padding-top: 12% !important;padding-bottom: 12% !important;background-color: #0c0c0c !important;}\u00bb][vc_column]<div id=\"ultimate-heading-42769f5becc928da\" class=\"uvc-heading ult-adjust-bottom-margin ultimate-heading-42769f5becc928da uvc-4186 accent-border-color uvc-heading-default-font-sizes\" data-hspacer=\"line_only\"  data-halign=\"center\" style=\"text-align:center\"><div class=\"uvc-main-heading ult-responsive\"  data-ultimate-target='.uvc-heading.ultimate-heading-42769f5becc928da h2'  data-responsive-json-new='{\"font-size\":\"\",\"line-height\":\"\"}' ><h2 style=\"font-weight:bold;color:#ffffff;\">Declaraciones y Certificaciones<\/h2><\/div><div class=\"uvc-heading-spacer line_only\" style=\"topheight:3px;\"><span class=\"uvc-headings-line\" style=\"border-style:solid;border-bottom-width:3px;border-color:#ccc;width:515px;\"><\/span><\/div><\/div>[\/vc_column][\/vc_row][vc_row css=\u00bb.vc_custom_1519729234258{margin-top: 70px !important;margin-bottom: 70px !important;}\u00bb][vc_column]<div id=\"ultimate-heading-789769f5becc9294b\" class=\"uvc-heading ult-adjust-bottom-margin ultimate-heading-789769f5becc9294b uvc-1372  uvc-heading-default-font-sizes\" data-hspacer=\"no_spacer\"  data-halign=\"center\" style=\"text-align:center\"><div class=\"uvc-heading-spacer no_spacer\" style=\"top\"><\/div><div class=\"uvc-main-heading ult-responsive\"  data-ultimate-target='.uvc-heading.ultimate-heading-789769f5becc9294b h2'  data-responsive-json-new='{\"font-size\":\"\",\"line-height\":\"\"}' ><h2 style=\"--font-weight:theme;margin-bottom:15px;\">Certificaciones de Empresa<\/h2><\/div><\/div>[vc_row_inner][vc_column_inner][vc_column_text css=\u00bb.vc_custom_1527598339247{padding-top: 20px !important;padding-bottom: 20px !important;}\u00bb]<\/p>\n<p style=\"text-align: justify;\">El crecimiento logrado por IMPER ITALIA durante el periodo comprendido entre la fundaci\u00f3n (los a\u00f1os treinta) y el siglo XXI actual, es la prueba m\u00e1s tangible del reconocimiento obtenido del mercado. Sin embargo, son muchas las piezas que forman el mosaico del \u00e9xito; entre ellas, las homologaciones y las certificaciones de producto y de sistema expedidas por Entidades Oficiales.<\/p>\n<p>[\/vc_column_text][\/vc_column_inner][\/vc_row_inner][vc_text_separator title=\u00bbLas primeras son las Certificaciones de Sistema\u00bb border_width=\u00bb2&#8243; css=\u00bb.vc_custom_1527598352564{padding-top: 15px !important;padding-bottom: 15px !important;}\u00bb][vc_row_inner css=\u00bb.vc_custom_1519731965172{padding-top: 10px !important;padding-bottom: 10px !important;}\u00bb][vc_column_inner width=\u00bb2\/3&#8243;][vc_column_text]Desde 1995 IMPER ITALIA, est\u00e1 certificada <strong>ISO 9001 por BUREAU VERITAS<\/strong>. La Sociedad persigue la optimizaci\u00f3n de su proceso para asegurar una gesti\u00f3n basada en criterios de eficiencia, eficacia y economicidad. Para ello, ha adoptado un sistema de gesti\u00f3n de la seguridad conforme a la normativa <strong>ISO 45001:2018<\/strong><strong>,<\/strong>\u00a0trabajando por una mejora continua. Desde septiembre de 2006, IMPER ITALIA ha obtenido la certificaci\u00f3n CE de los productos seg\u00fan la directiva europea 89\/106\/CEE correspondiente a los productos para la construcci\u00f3n. En 2012 la Empresa ha obtenido la certificaci\u00f3n <strong>ISO EN 14001<\/strong>\u00a0relativa a la Gesti\u00f3n Ambiental. Pero todav\u00eda destacan m\u00e1s las <strong>Homologaciones y las Certificaciones de Producto<\/strong>\u00a0emitidas por las Entidades Oficiales de la UEAtc (Union Europ\u00e9enne pour l\u2019Agr\u00e9ment Technique dans la construction) de algunos Pa\u00edses europeos:<\/p>\n<p>A \u00e9stas se a\u00f1aden otras certificaciones de otros Institutos de pa\u00edses de la otra parte del charco (EE. UU., Nueva Zelanda, Jap\u00f3n), asegurando de esta manera la elevada posici\u00f3n por la calidad de los productos. Se han emitido otros reconocimientos y aprobaciones, a lo largo del tiempo, por Sociedades nacionales (ENEL, FFSS, Societ\u00e0 Autostrade (Empresa autov\u00edas), etc.) y otros Institutos. Las autorizaciones y reconocimientos, por lo tanto, destacan el \u00e9xito en los mercados, lo que confirma que la compa\u00f1\u00eda va por buen camino hacia un desarrollo continuo, s\u00f3lido y constante. Los tecnopol\u00edmeros SINTOFOIL est\u00e1n formulados para \u00abdurar en servicio m\u00e1s de 30 A\u00d1OS\u00bb, seg\u00fan ha certificado recientemente el Instituto ingl\u00e9s B.B.A. (Britisch Board of Agr\u00e9ment) despu\u00e9s de controles de obras exhaustivos realizados en el pasado y los siguientes contra-an\u00e1lisis de laboratorio.<\/p>\n<p>Adem\u00e1s IMPER ITALIA ha sido la primera en obtener la certificaci\u00f3n ATE para el SINTOFOIL ST homog\u00e9neo a base de poliolefina (TPO\/FPA) y para la UNOFIX E, sistema de dos capas de bet\u00fan destilado pol\u00edmero (para aplicaciones con fijaci\u00f3n mec\u00e1nica).[\/vc_column_text][\/vc_column_inner][vc_column_inner width=\u00bb1\/3&#8243;]<div id=\"ultimate-heading-891469f5becc929a0\" class=\"uvc-heading ult-adjust-bottom-margin ultimate-heading-891469f5becc929a0 uvc-8368 \" data-hspacer=\"no_spacer\"  data-halign=\"center\" style=\"text-align:center\"><div class=\"uvc-heading-spacer no_spacer\" style=\"top\"><\/div><div class=\"uvc-main-heading ult-responsive\"  data-ultimate-target='.uvc-heading.ultimate-heading-891469f5becc929a0 h2'  data-responsive-json-new='{\"font-size\":\"desktop:26px;\",\"line-height\":\"desktop:34px;\"}' ><h2 style=\"--font-weight:theme;margin-bottom:25px;\">Certificaciones<\/h2><\/div><\/div><style type=\"text\/css\" data-type=\"the7_shortcodes-inline-css\">.carousel-shortcode.carousel-shortcode-id-1c568e2a7af94ca72347a81220e49cb9 .owl-nav a {\n  width: 22px;\n  height: 80px;\n  border-radius: 0px;\n}\n.dt-arrow-border-on.carousel-shortcode.carousel-shortcode-id-1c568e2a7af94ca72347a81220e49cb9 .owl-nav a:not(:hover):before {\n  border-width: 0px;\n}\n.dt-arrow-hover-border-on.carousel-shortcode.carousel-shortcode-id-1c568e2a7af94ca72347a81220e49cb9 .owl-nav a:hover:after {\n  border-width: 0px;\n}\n.arrows-hover-bg-on.carousel-shortcode.carousel-shortcode-id-1c568e2a7af94ca72347a81220e49cb9 .owl-nav a:after {\n  background: #f4a215;\n}\n.carousel-shortcode.carousel-shortcode-id-1c568e2a7af94ca72347a81220e49cb9 .owl-nav a.owl-prev {\n  top: 50%;\n  transform: translateY(calc(-50% + 0px));\n  left: 0px;\n}\n@media all and (-ms-high-contrast: none) {\n  .carousel-shortcode.carousel-shortcode-id-1c568e2a7af94ca72347a81220e49cb9 .owl-nav a.owl-prev {\n    transform: translateY(-50%);\n    margin-top: 0px;\n  }\n}\n.carousel-shortcode.carousel-shortcode-id-1c568e2a7af94ca72347a81220e49cb9 .owl-nav a.owl-prev i {\n  padding: 0px 0px 0px 0px;\n}\n.carousel-shortcode.carousel-shortcode-id-1c568e2a7af94ca72347a81220e49cb9 .owl-nav a.owl-next {\n  top: 50%;\n  transform: translateY(calc(-50% + 0px));\n  right: 0px;\n}\n@media all and (-ms-high-contrast: none) {\n  .carousel-shortcode.carousel-shortcode-id-1c568e2a7af94ca72347a81220e49cb9 .owl-nav a.owl-next {\n    transform: translateY(-50%);\n    margin-top: 0px;\n  }\n}\n.carousel-shortcode.carousel-shortcode-id-1c568e2a7af94ca72347a81220e49cb9 .owl-nav a.owl-next i {\n  padding: 0px 0px 0px 0px;\n}\n.carousel-shortcode.carousel-shortcode-id-1c568e2a7af94ca72347a81220e49cb9 .owl-nav i {\n  font-size: 18px;\n}\n.carousel-shortcode.carousel-shortcode-id-1c568e2a7af94ca72347a81220e49cb9 .owl-nav a:not(:hover) i,\n.carousel-shortcode.carousel-shortcode-id-1c568e2a7af94ca72347a81220e49cb9 .owl-nav a:not(:hover) i:before {\n  color: #ffffff;\n  background: none;\n}\n.carousel-shortcode.carousel-shortcode-id-1c568e2a7af94ca72347a81220e49cb9 .owl-nav a:hover i,\n.carousel-shortcode.carousel-shortcode-id-1c568e2a7af94ca72347a81220e49cb9 .owl-nav a:hover i:before {\n  color: rgba(255,255,255,0.75);\n  background: none;\n}\n.carousel-shortcode.carousel-shortcode-id-1c568e2a7af94ca72347a81220e49cb9 .owl-dots {\n  top: calc(100% + 20px);\n  left: 50%;\n  transform: translateX(calc(-50% + 0px));\n}\n@media all and (-ms-high-contrast: none) {\n  .carousel-shortcode.carousel-shortcode-id-1c568e2a7af94ca72347a81220e49cb9 .owl-dots {\n    transform: translateX(-50%);\n    margin-left: 0px;\n  }\n}\n.carousel-shortcode.carousel-shortcode-id-1c568e2a7af94ca72347a81220e49cb9 .owl-dot {\n  width: 10px;\n  height: 10px;\n  margin: 0 8px;\n}\n@media screen and (max-width: 778px) {\n  .carousel-shortcode.carousel-shortcode-id-1c568e2a7af94ca72347a81220e49cb9.hide-arrows .owl-nav a {\n    display: none;\n  }\n}\n@media screen and (max-width: 778px) {\n  .carousel-shortcode.carousel-shortcode-id-1c568e2a7af94ca72347a81220e49cb9.reposition-arrows .owl-nav .owl-prev {\n    top: 50%;\n    transform: translateY(calc(-50% + 0px));\n    left: 10px;\n  }\n  .carousel-shortcode.carousel-shortcode-id-1c568e2a7af94ca72347a81220e49cb9.reposition-arrows .owl-nav .owl-next {\n    top: 50%;\n    transform: translateY(calc(-50% + 0px));\n    right: 10px;\n  }\n}\n@media screen and (max-width: 778px) and all and (-ms-high-contrast: none) {\n  .carousel-shortcode.carousel-shortcode-id-1c568e2a7af94ca72347a81220e49cb9.reposition-arrows .owl-nav .owl-prev {\n    transform: translateY(-50%);\n    margin-top: 0px;\n  }\n}\n@media screen and (max-width: 778px) and all and (-ms-high-contrast: none) {\n  .carousel-shortcode.carousel-shortcode-id-1c568e2a7af94ca72347a81220e49cb9.reposition-arrows .owl-nav .owl-next {\n    transform: translateY(-50%);\n    margin-top: 0px;\n  }\n}\n<\/style><div class=\"owl-carousel carousel-shortcode dt-owl-carousel-call carousel-shortcode-id-1c568e2a7af94ca72347a81220e49cb9 bullets-small-dot-stroke arrows-bg-on dt-arrow-border-on dt-arrow-hover-border-on arrows-hover-bg-on  vc_custom_1519810038544 \" data-scroll-mode=\"1\" data-col-num=\"1\" data-wide-col-num=\"1\" data-laptop-col=\"1\" data-h-tablet-columns-num=\"1\" data-v-tablet-columns-num=\"1\" data-phone-columns-num=\"1\" data-auto-height=\"true\" data-col-gap=\"30\" data-stage-padding=\"0\" data-speed=\"600\" data-autoplay=\"false\" data-autoplay_speed=\"6000\" data-arrows=\"true\" data-bullet=\"false\" data-next-icon=\"icon-ar-017-r\" data-prev-icon=\"icon-ar-017-l\"><style type=\"text\/css\" data-type=\"the7_shortcodes-inline-css\">.shortcode-single-image-wrap.shortcode-single-image-52c2ce1082bdc21fa190f07187cb89eb.enable-bg-rollover .rollover i,\n.shortcode-single-image-wrap.shortcode-single-image-52c2ce1082bdc21fa190f07187cb89eb.enable-bg-rollover .rollover-video i {\n  background: ;\n  background: -webkit-linear-gradient();\n  background: linear-gradient();\n}\n.shortcode-single-image-wrap.shortcode-single-image-52c2ce1082bdc21fa190f07187cb89eb .rollover-icon {\n  font-size: 32px;\n  color: #ffffff;\n  min-width: 44px;\n  min-height: 44px;\n  line-height: 44px;\n  border-radius: 100px;\n  border-style: solid;\n  border-width: 0px;\n}\n.dt-icon-bg-on.shortcode-single-image-wrap.shortcode-single-image-52c2ce1082bdc21fa190f07187cb89eb .rollover-icon {\n  background: rgba(255,255,255,0.3);\n  box-shadow: none;\n}\n<\/style><div class=\"shortcode-single-image-wrap shortcode-single-image-52c2ce1082bdc21fa190f07187cb89eb alignnone  vc_custom_1763998756074 enable-bg-rollover dt-icon-bg-off\" ><div class=\"shortcode-single-image\"><div class=\"fancy-media-wrap\" style=\"\"><a href=\"https:\/\/www.imper.it\/wp-content\/uploads\/2025\/03\/Certificate-IT340073-IMPER-ITALIA-S.R.L-ISO9001-VER-ENG.pdf\" class=\" layzr-bg rollover\" style=\"\" target=\"_blank\" rel=\"noopener\" aria-label=\"Image\"><img class=\"preload-me lazy-load\" src=\"data:image\/svg+xml,%3Csvg%20xmlns%3D&#39;http%3A%2F%2Fwww.w3.org%2F2000%2Fsvg&#39;%20viewBox%3D&#39;0%200%20500%20708&#39;%2F%3E\" data-src=\"https:\/\/www.imper.it\/wp-content\/uploads\/2021\/12\/IMPER-ITALIA-9001_EN.jpg\" data-srcset=\"https:\/\/www.imper.it\/wp-content\/uploads\/2021\/12\/IMPER-ITALIA-9001_EN.jpg 500w\" width=\"500\" height=\"708\"  data-dt-location=\"https:\/\/www.imper.it\/es\/imper-italia-9001_en-2\/\" alt=\"\" \/><\/a><\/div><\/div><\/div><style type=\"text\/css\" data-type=\"the7_shortcodes-inline-css\">.shortcode-single-image-wrap.shortcode-single-image-0f6fb7a0b2305512cb84483334fff6d2.enable-bg-rollover .rollover i,\n.shortcode-single-image-wrap.shortcode-single-image-0f6fb7a0b2305512cb84483334fff6d2.enable-bg-rollover .rollover-video i {\n  background: ;\n  background: -webkit-linear-gradient();\n  background: linear-gradient();\n}\n.shortcode-single-image-wrap.shortcode-single-image-0f6fb7a0b2305512cb84483334fff6d2 .rollover-icon {\n  font-size: 32px;\n  color: #ffffff;\n  min-width: 44px;\n  min-height: 44px;\n  line-height: 44px;\n  border-radius: 100px;\n  border-style: solid;\n  border-width: 0px;\n}\n.dt-icon-bg-on.shortcode-single-image-wrap.shortcode-single-image-0f6fb7a0b2305512cb84483334fff6d2 .rollover-icon {\n  background: rgba(255,255,255,0.3);\n  box-shadow: none;\n}\n<\/style><div class=\"shortcode-single-image-wrap shortcode-single-image-0f6fb7a0b2305512cb84483334fff6d2 alignnone  vc_custom_1763998727770 enable-bg-rollover dt-icon-bg-off\" ><div class=\"shortcode-single-image\"><div class=\"fancy-media-wrap\" style=\"\"><a href=\"https:\/\/www.imper.it\/wp-content\/uploads\/2024\/10\/ISO14001-2015.pdf\" class=\" layzr-bg rollover\" style=\"\" target=\"_blank\" rel=\"noopener\" aria-label=\"Image\"><img class=\"preload-me lazy-load\" src=\"data:image\/svg+xml,%3Csvg%20xmlns%3D&#39;http%3A%2F%2Fwww.w3.org%2F2000%2Fsvg&#39;%20viewBox%3D&#39;0%200%20500%20708&#39;%2F%3E\" data-src=\"https:\/\/www.imper.it\/wp-content\/uploads\/2024\/10\/IMPER-ITALIA-14001_24.png\" data-srcset=\"https:\/\/www.imper.it\/wp-content\/uploads\/2024\/10\/IMPER-ITALIA-14001_24.png 500w\" width=\"500\" height=\"708\"  data-dt-location=\"https:\/\/www.imper.it\/es\/about-us\/certificazioni\/imper-italia-14001_24-2\/\" alt=\"\" \/><\/a><\/div><\/div><\/div><style type=\"text\/css\" data-type=\"the7_shortcodes-inline-css\">.shortcode-single-image-wrap.shortcode-single-image-a659b41d1db428ff347d7fb12d247ac9.enable-bg-rollover .rollover i,\n.shortcode-single-image-wrap.shortcode-single-image-a659b41d1db428ff347d7fb12d247ac9.enable-bg-rollover .rollover-video i {\n  background: ;\n  background: -webkit-linear-gradient();\n  background: linear-gradient();\n}\n.shortcode-single-image-wrap.shortcode-single-image-a659b41d1db428ff347d7fb12d247ac9 .rollover-icon {\n  font-size: 32px;\n  color: #ffffff;\n  min-width: 44px;\n  min-height: 44px;\n  line-height: 44px;\n  border-radius: 100px;\n  border-style: solid;\n  border-width: 0px;\n}\n.dt-icon-bg-on.shortcode-single-image-wrap.shortcode-single-image-a659b41d1db428ff347d7fb12d247ac9 .rollover-icon {\n  background: rgba(255,255,255,0.3);\n  box-shadow: none;\n}\n<\/style><div class=\"shortcode-single-image-wrap shortcode-single-image-a659b41d1db428ff347d7fb12d247ac9 alignnone  vc_custom_1763998699643 enable-bg-rollover dt-icon-bg-off\" ><div class=\"shortcode-single-image\"><div class=\"fancy-media-wrap\" style=\"\"><a href=\"https:\/\/www.imper.it\/wp-content\/uploads\/2025\/04\/Certificate-IT341579-IMPER-ITALIA-S.R.L-ISO45001-1.pdf\" class=\" layzr-bg rollover\" style=\"\" target=\"_blank\" rel=\"noopener\" aria-label=\"Image\"><img class=\"preload-me lazy-load\" src=\"data:image\/svg+xml,%3Csvg%20xmlns%3D&#39;http%3A%2F%2Fwww.w3.org%2F2000%2Fsvg&#39;%20viewBox%3D&#39;0%200%20500%20707&#39;%2F%3E\" data-src=\"https:\/\/www.imper.it\/wp-content\/uploads\/2021\/12\/IMPER-ITALIA-45001.png\" data-srcset=\"https:\/\/www.imper.it\/wp-content\/uploads\/2021\/12\/IMPER-ITALIA-45001.png 500w\" width=\"500\" height=\"707\"  data-dt-location=\"https:\/\/www.imper.it\/es\/imper-italia-45001-2\/\" alt=\"\" \/><\/a><\/div><\/div><\/div><\/div>[\/vc_column_inner][\/vc_row_inner][\/vc_column][\/vc_row]<\/p>\n","protected":false},"excerpt":{"rendered":"<p>[vc_row bg_type=\u00bbimage\u00bb parallax_style=\u00bbvcpb-vz-jquery\u00bb bg_image_new=\u00bbid^53349|url^https:\/\/www.imper.it\/wp-content\/uploads\/2018\/05\/Certificazioni_105916091_small.jpg|caption^SSUCv3H4sIAAAAAAAEAJ2US4+bMBCA75X6HyLOOfBYmmT\/yqqHwRgYrWEsj6GbjfLfayCpbHAuvTHfPJiX5\/bzx+GQVMAokvfDbZacjEqNbA1YpMHh9PjgskZLBkHNcGb3RZOwBTuyZC9ElhemcXJ+ejqXaaq\/AgIK+mtAKmzZkvjUHVkKNAKGVxqF2mkn4B2uJShpQkyKRlNRmIkwcokewtEKYLsJUEtNjHbJI\/xjjcykJhlCI6Fni32IJetAbqTroJEaRRizcX8BAxXCDqsNaw3oDoWSjaVJGo4pDU6bcvBFV5WbcwB64ljRGgbbSdO71QjT0fhlN2T2rsch7ISmoS5D4obBzTYhfr0B3I3WjWk\/wYU0LlwX4EkKt8Z78wlrSZVymPe8w81kr3DtXUfDVK402rEKDb+JBthsoXte1DdWZ3Gcx3ERx29xXMbxrzg+xfE5ji8vykkX7p0GAVa2bpeC4\/C8Nx+rfHgqHi\/dOlWSHD3GY7WwJ7of\/9tz\/fj97wa1chDzEbrdvayNVBLWg\/axmiaff9yK9UsVD6NlLTwZxhrJq3IiAWp2KLzI2qDAofXcaH4\/nrw20wMD2SWTR2FJ7Vo6i1mRpUWaXYoyLy\/pOT+dXZX3v+j1rVDSBQAA|alt^null|title^businessman pressing button on virtual screens|description^null\u00bb bg_image_repeat=\u00bbno-repeat\u00bb bg_override=\u00bbfull\u00bb enable_overlay=\u00bbenable_overlay_value\u00bb overlay_color=\u00bbrgba(0,0,0,0.5)\u00bb overlay_pattern=\u00bbtransperant\u00bb overlay_pattern_opacity=\u00bb25&#8243; css=\u00bb.vc_custom_1526285670648{padding-top: 12% !important;padding-bottom: 12% !important;background-color: #0c0c0c !important;}\u00bb][vc_column][\/vc_column][\/vc_row][vc_row css=\u00bb.vc_custom_1519729234258{margin-top: 70px !important;margin-bottom: 70px !important;}\u00bb][vc_column][vc_row_inner][vc_column_inner][vc_column_text css=\u00bb.vc_custom_1527598339247{padding-top: 20px !important;padding-bottom: 20px !important;}\u00bb] El crecimiento logrado por IMPER ITALIA durante el periodo comprendido entre la fundaci\u00f3n (los a\u00f1os treinta) y el siglo XXI actual, es la&hellip;<\/p>\n","protected":false},"author":1,"featured_media":0,"parent":54808,"menu_order":0,"comment_status":"closed","ping_status":"closed","template":"","meta":[],"yoast_head":"<!-- This site is optimized with the Yoast SEO plugin v15.9.2 - https:\/\/yoast.com\/wordpress\/plugins\/seo\/ -->\n<title>Certificaciones - Imper Italia<\/title>\n<meta name=\"robots\" content=\"index, follow, max-snippet:-1, max-image-preview:large, max-video-preview:-1\" \/>\n<link rel=\"canonical\" href=\"https:\/\/www.imper.it\/about-us\/certificazioni\/\" \/>\n<meta property=\"og:locale\" content=\"es_ES\" \/>\n<meta property=\"og:type\" content=\"article\" \/>\n<meta property=\"og:title\" content=\"Certificaciones - Imper Italia\" \/>\n<meta property=\"og:description\" content=\"[vc_row bg_type=\u00bbimage\u00bb parallax_style=\u00bbvcpb-vz-jquery\u00bb bg_image_new=\u00bbid^53349|url^https:\/\/www.imper.it\/wp-content\/uploads\/2018\/05\/Certificazioni_105916091_small.jpg|caption^SSUCv3H4sIAAAAAAAEAJ2US4+bMBCA75X6HyLOOfBYmmT\/yqqHwRgYrWEsj6GbjfLfayCpbHAuvTHfPJiX5\/bzx+GQVMAokvfDbZacjEqNbA1YpMHh9PjgskZLBkHNcGb3RZOwBTuyZC9ElhemcXJ+ejqXaaq\/AgIK+mtAKmzZkvjUHVkKNAKGVxqF2mkn4B2uJShpQkyKRlNRmIkwcokewtEKYLsJUEtNjHbJI\/xjjcykJhlCI6Fni32IJetAbqTroJEaRRizcX8BAxXCDqsNaw3oDoWSjaVJGo4pDU6bcvBFV5WbcwB64ljRGgbbSdO71QjT0fhlN2T2rsch7ISmoS5D4obBzTYhfr0B3I3WjWk\/wYU0LlwX4EkKt8Z78wlrSZVymPe8w81kr3DtXUfDVK402rEKDb+JBthsoXte1DdWZ3Gcx3ERx29xXMbxrzg+xfE5ji8vykkX7p0GAVa2bpeC4\/C8Nx+rfHgqHi\/dOlWSHD3GY7WwJ7of\/9tz\/fj97wa1chDzEbrdvayNVBLWg\/axmiaff9yK9UsVD6NlLTwZxhrJq3IiAWp2KLzI2qDAofXcaH4\/nrw20wMD2SWTR2FJ7Vo6i1mRpUWaXYoyLy\/pOT+dXZX3v+j1rVDSBQAA|alt^null|title^businessman pressing button on virtual screens|description^null\u00bb bg_image_repeat=\u00bbno-repeat\u00bb bg_override=\u00bbfull\u00bb enable_overlay=\u00bbenable_overlay_value\u00bb overlay_color=\u00bbrgba(0,0,0,0.5)\u00bb overlay_pattern=\u00bbtransperant\u00bb overlay_pattern_opacity=\u00bb25&#8243; css=\u00bb.vc_custom_1526285670648{padding-top: 12% !important;padding-bottom: 12% !important;background-color: #0c0c0c !important;}\u00bb][vc_column][\/vc_column][\/vc_row][vc_row css=\u00bb.vc_custom_1519729234258{margin-top: 70px !important;margin-bottom: 70px !important;}\u00bb][vc_column][vc_row_inner][vc_column_inner][vc_column_text css=\u00bb.vc_custom_1527598339247{padding-top: 20px !important;padding-bottom: 20px !important;}\u00bb] El crecimiento logrado por IMPER ITALIA durante el periodo comprendido entre la fundaci\u00f3n (los a\u00f1os treinta) y el siglo XXI actual, es la&hellip;\" \/>\n<meta property=\"og:url\" content=\"https:\/\/www.imper.it\/about-us\/certificazioni\/\" \/>\n<meta property=\"og:site_name\" content=\"Imper Italia\" \/>\n<meta property=\"article:modified_time\" content=\"2025-11-24T15:41:34+00:00\" \/>\n<meta name=\"twitter:card\" content=\"summary_large_image\" \/>\n<meta name=\"twitter:label1\" content=\"Tiempo de lectura\">\n\t<meta name=\"twitter:data1\" content=\"3 minutos\">\n<script type=\"application\/ld+json\" class=\"yoast-schema-graph\">{\"@context\":\"https:\/\/schema.org\",\"@graph\":[{\"@type\":\"WebSite\",\"@id\":\"https:\/\/www.imper.it\/#website\",\"url\":\"https:\/\/www.imper.it\/\",\"name\":\"Imper Italia\",\"description\":\"Impermeabilizzazione industriale\",\"potentialAction\":[{\"@type\":\"SearchAction\",\"target\":\"https:\/\/www.imper.it\/?s={search_term_string}\",\"query-input\":\"required name=search_term_string\"}],\"inLanguage\":\"es\"},{\"@type\":\"WebPage\",\"@id\":\"https:\/\/www.imper.it\/about-us\/certificazioni\/#webpage\",\"url\":\"https:\/\/www.imper.it\/about-us\/certificazioni\/\",\"name\":\"Certificaciones - Imper Italia\",\"isPartOf\":{\"@id\":\"https:\/\/www.imper.it\/#website\"},\"datePublished\":\"2018-05-29T12:53:27+00:00\",\"dateModified\":\"2025-11-24T15:41:34+00:00\",\"breadcrumb\":{\"@id\":\"https:\/\/www.imper.it\/about-us\/certificazioni\/#breadcrumb\"},\"inLanguage\":\"es\",\"potentialAction\":[{\"@type\":\"ReadAction\",\"target\":[\"https:\/\/www.imper.it\/about-us\/certificazioni\/\"]}]},{\"@type\":\"BreadcrumbList\",\"@id\":\"https:\/\/www.imper.it\/about-us\/certificazioni\/#breadcrumb\",\"itemListElement\":[{\"@type\":\"ListItem\",\"position\":1,\"item\":{\"@type\":\"WebPage\",\"@id\":\"https:\/\/www.imper.it\/es\/\",\"url\":\"https:\/\/www.imper.it\/es\/\",\"name\":\"Home\"}},{\"@type\":\"ListItem\",\"position\":2,\"item\":{\"@type\":\"WebPage\",\"@id\":\"https:\/\/www.imper.it\/es\/about-us\/\",\"url\":\"https:\/\/www.imper.it\/es\/about-us\/\",\"name\":\"About us\"}},{\"@type\":\"ListItem\",\"position\":3,\"item\":{\"@type\":\"WebPage\",\"@id\":\"https:\/\/www.imper.it\/about-us\/certificazioni\/\",\"url\":\"https:\/\/www.imper.it\/about-us\/certificazioni\/\",\"name\":\"Certificaciones\"}}]}]}<\/script>\n<!-- \/ Yoast SEO plugin. -->","_links":{"self":[{"href":"https:\/\/www.imper.it\/es\/wp-json\/wp\/v2\/pages\/53441"}],"collection":[{"href":"https:\/\/www.imper.it\/es\/wp-json\/wp\/v2\/pages"}],"about":[{"href":"https:\/\/www.imper.it\/es\/wp-json\/wp\/v2\/types\/page"}],"author":[{"embeddable":true,"href":"https:\/\/www.imper.it\/es\/wp-json\/wp\/v2\/users\/1"}],"replies":[{"embeddable":true,"href":"https:\/\/www.imper.it\/es\/wp-json\/wp\/v2\/comments?post=53441"}],"version-history":[{"count":9,"href":"https:\/\/www.imper.it\/es\/wp-json\/wp\/v2\/pages\/53441\/revisions"}],"predecessor-version":[{"id":60565,"href":"https:\/\/www.imper.it\/es\/wp-json\/wp\/v2\/pages\/53441\/revisions\/60565"}],"up":[{"embeddable":true,"href":"https:\/\/www.imper.it\/es\/wp-json\/wp\/v2\/pages\/54808"}],"wp:attachment":[{"href":"https:\/\/www.imper.it\/es\/wp-json\/wp\/v2\/media?parent=53441"}],"curies":[{"name":"wp","href":"https:\/\/api.w.org\/{rel}","templated":true}]}}