{"id":53457,"date":"2018-05-29T15:23:19","date_gmt":"2018-05-29T13:23:19","guid":{"rendered":"http:\/\/www.imper.it\/?page_id=53457"},"modified":"2018-05-29T15:24:38","modified_gmt":"2018-05-29T13:24:38","slug":"mision","status":"publish","type":"page","link":"https:\/\/www.imper.it\/es\/about-us\/mision\/","title":{"rendered":"Misi\u00f3n"},"content":{"rendered":"<p>[vc_row bg_type=\u00bbimage\u00bb parallax_style=\u00bbvcpb-vz-jquery\u00bb bg_image_new=\u00bbid^53382|url^http:\/\/www.imper.it\/wp-content\/uploads\/2018\/05\/mission_small.jpg|caption^null|alt^null|title^mission_small|description^null\u00bb bg_image_repeat=\u00bbno-repeat\u00bb bg_override=\u00bbfull\u00bb enable_overlay=\u00bbenable_overlay_value\u00bb overlay_color=\u00bbrgba(0,0,0,0.5)\u00bb overlay_pattern=\u00bbtransperant\u00bb overlay_pattern_opacity=\u00bb25&#8243; css=\u00bb.vc_custom_1526465491074{padding-top: 12% !important;padding-bottom: 12% !important;background-color: #0c0c0c !important;}\u00bb][vc_column]<div id=\"ultimate-heading-874769f5ae48c582b\" class=\"uvc-heading ult-adjust-bottom-margin ultimate-heading-874769f5ae48c582b uvc-1557 accent-border-color uvc-heading-default-font-sizes\" data-hspacer=\"line_only\"  data-halign=\"center\" style=\"text-align:center\"><div class=\"uvc-main-heading ult-responsive\"  data-ultimate-target='.uvc-heading.ultimate-heading-874769f5ae48c582b h2'  data-responsive-json-new='{\"font-size\":\"\",\"line-height\":\"\"}' ><h2 style=\"font-weight:bold;color:#ffffff;\">La Misi\u00f3n de la Empresa<\/h2><\/div><div class=\"uvc-heading-spacer line_only\" style=\"topheight:3px;\"><span class=\"uvc-headings-line\" style=\"border-style:solid;border-bottom-width:3px;border-color:#ccc;width:400px;\"><\/span><\/div><\/div>[\/vc_column][\/vc_row][vc_row css=\u00bb.vc_custom_1519724500440{margin-top: 70px !important;margin-bottom: 70px !important;}\u00bb][vc_column width=\u00bb1\/3&#8243; css=\u00bb.vc_custom_1525268764085{margin-right: 10px !important;}\u00bb]<div id=\"ultimate-heading-627769f5ae48c58dd\" class=\"uvc-heading ult-adjust-bottom-margin ultimate-heading-627769f5ae48c58dd uvc-1662 \" data-hspacer=\"no_spacer\"  data-halign=\"center\" style=\"text-align:center\"><div class=\"uvc-heading-spacer no_spacer\" style=\"top\"><\/div><div class=\"uvc-main-heading ult-responsive\"  data-ultimate-target='.uvc-heading.ultimate-heading-627769f5ae48c58dd h2'  data-responsive-json-new='{\"font-size\":\"desktop:31px;\",\"line-height\":\"desktop:38px;\"}' ><h2 style=\"--font-weight:theme;margin-bottom:25px;\">Resoluci\u00f3n de Problemas y Pol\u00edtica Oriendata al Cliente<\/h2><\/div><\/div><style type=\"text\/css\" data-type=\"the7_shortcodes-inline-css\">.shortcode-single-image-wrap.shortcode-single-image-b8e807727aa82f4400562439200d9982.enable-bg-rollover .rollover i,\n.shortcode-single-image-wrap.shortcode-single-image-b8e807727aa82f4400562439200d9982.enable-bg-rollover .rollover-video i {\n  background: ;\n  background: -webkit-linear-gradient();\n  background: linear-gradient();\n}\n.shortcode-single-image-wrap.shortcode-single-image-b8e807727aa82f4400562439200d9982 .rollover-icon {\n  font-size: 32px;\n  color: #ffffff;\n  min-width: 44px;\n  min-height: 44px;\n  line-height: 44px;\n  border-radius: 100px;\n  border-style: solid;\n  border-width: 0px;\n}\n.dt-icon-bg-on.shortcode-single-image-wrap.shortcode-single-image-b8e807727aa82f4400562439200d9982 .rollover-icon {\n  background: rgba(255,255,255,0.3);\n  box-shadow: none;\n}\n<\/style><div class=\"shortcode-single-image-wrap shortcode-single-image-b8e807727aa82f4400562439200d9982 alignnone  vc_custom_1521199637701 enable-bg-rollover dt-icon-bg-off\" ><div class=\"shortcode-single-image\"><div class=\"fancy-media-wrap  layzr-bg\" style=\"\"><img class=\"preload-me lazy-load\" src=\"data:image\/svg+xml,%3Csvg%20xmlns%3D&#39;http%3A%2F%2Fwww.w3.org%2F2000%2Fsvg&#39;%20viewBox%3D&#39;0%200%20500%20330&#39;%2F%3E\" data-src=\"https:\/\/www.imper.it\/wp-content\/uploads\/2018\/03\/0_0010_sancarlo1_small.jpg\" data-srcset=\"https:\/\/www.imper.it\/wp-content\/uploads\/2018\/03\/0_0010_sancarlo1_small.jpg 500w\" width=\"500\" height=\"330\"  data-dt-location=\"https:\/\/www.imper.it\/es\/0_0010_sancarlo1_small\/\" style=\"\" alt=\"\" \/><\/div><\/div><\/div>[vc_column_text css=\u00bb.vc_custom_1527599910042{padding-top: 25px !important;}\u00bb]Desde su fundaci\u00f3n en 1936, IMPER ITALIA se ha propuesto al mercado como una empresa l\u00edder en la investigaci\u00f3n, desarrollo y fabricaci\u00f3n de productos para la impermeabilizaci\u00f3n de alta calidad con alto rendimiento para la industria de la construcci\u00f3n, con la ambici\u00f3n de satisfacer siempre las necesidades variables de un mercado exigente, competitivo y en constante evoluci\u00f3n.<\/p>\n<p>IMPER ITALIA siempre ha sido reconocida por el mercado como un socio tecnol\u00f3gico capaz de desarrollar y dise\u00f1ar productos y sistemas para resolver problemas relacionados con la estanqueidad del agua incluso en las condiciones m\u00e1s extremas, dif\u00edciles y complejas.<\/p>\n<p>El Servicio Orientado al Cliente es uno de los valores centrales de toda la organizaci\u00f3n de la compa\u00f1\u00eda.[\/vc_column_text][\/vc_column][vc_column width=\u00bb2\/3&#8243; css=\u00bb.vc_custom_1519727025811{margin-left: 10px !important;}\u00bb]<div id=\"ultimate-heading-432969f5ae48c73ff\" class=\"uvc-heading ult-adjust-bottom-margin ultimate-heading-432969f5ae48c73ff uvc-3462 \" data-hspacer=\"no_spacer\"  data-halign=\"center\" style=\"text-align:center\"><div class=\"uvc-heading-spacer no_spacer\" style=\"top\"><\/div><div class=\"uvc-main-heading ult-responsive\"  data-ultimate-target='.uvc-heading.ultimate-heading-432969f5ae48c73ff h2'  data-responsive-json-new='{\"font-size\":\"desktop:31px;\",\"line-height\":\"desktop:38px;\"}' ><h2 style=\"--font-weight:theme;margin-bottom:25px;\">Organizaci\u00f3n Comercial<\/h2><\/div><\/div>[vc_column_text]IMPER ITALIA, como actor principal global, se dirige al mercado dom\u00e9stico y a los mercados internacionales.<\/p>\n<p>Su organizaci\u00f3n comercial se ha estructurado y especializado para afrontar y satisfacer las necesidades de los dos segmentos clave del mercado: el sector PROFESIONAL y el sector MINORISTA.[\/vc_column_text][vc_row_inner css=\u00bb.vc_custom_1525268696143{margin-top: 15px !important;margin-bottom: 50px !important;}\u00bb][vc_column_inner width=\u00bb1\/2&#8243; css=\u00bb.vc_custom_1519726999818{margin-right: 10px !important;margin-left: 10px !important;padding-top: 20px !important;padding-right: 15px !important;padding-bottom: 20px !important;padding-left: 15px !important;}\u00bb]<div id=\"ultimate-heading-485869f5ae48c7475\" class=\"uvc-heading ult-adjust-bottom-margin ultimate-heading-485869f5ae48c7475 uvc-9451 \" data-hspacer=\"no_spacer\"  data-halign=\"left\" style=\"text-align:left\"><div class=\"uvc-heading-spacer no_spacer\" style=\"top\"><\/div><div class=\"uvc-main-heading ult-responsive\"  data-ultimate-target='.uvc-heading.ultimate-heading-485869f5ae48c7475 h2'  data-responsive-json-new='{\"font-size\":\"desktop:20px;\",\"line-height\":\"desktop:24px;\"}' ><h2 style=\"font-weight:bold;margin-bottom:20px;\">PROFESIONAL<\/h2><\/div><\/div><div class=\"smile_icon_list_wrap ult_info_list_container ult-adjust-bottom-margin info-list-mission \"><ul class=\"smile_icon_list left circle with_bg\"><li class=\"icon_list_item\" style=\" font-size:42px;\"><div class=\"icon_list_icon\" data-animation=\"\" data-animation-delay=\"03\" style=\"font-size:14px;border-width:1px;border-style:none;background:#03a0e4;color:#ffffff;border-color:#333333;\"><i class=\"Defaults-bell\" ><\/i><\/div><div class=\"icon_description\" id=\"Info-list-wrap-9241\" style=\"font-size:14px;\"><h3 class=\"ult-responsive info-list-heading\"  data-ultimate-target='#Info-list-wrap-9241 h3'  data-responsive-json-new='{\"font-size\":\"desktop:16px;\",\"line-height\":\"desktop:24px;\"}'  style=\"\">Productos, sistemas y servicios dedicados a:<\/h3><div class=\"icon_description_text ult-responsive\"  data-ultimate-target='#Info-list-wrap-9241 .icon_description_text'  data-responsive-json-new='{\"font-size\":\"desktop:13px;\",\"line-height\":\"desktop:18px;\"}'  style=\"\"><p>Grandes Clientes<br \/>\nDise\u00f1adores<br \/>\nEmpresas Generales de Construcci\u00f3n<br \/>\nEmpresas especializadas en los trabajos de impermeabilizaci\u00f3n<\/p>\n<\/div><\/div><div class=\"icon_list_connector\"  style=\"border-right-width: 1px;border-right-style: solid;border-color: #03a0e4;\"><\/div><\/li><li class=\"icon_list_item\" style=\" font-size:42px;\"><div class=\"icon_list_icon\" data-animation=\"\" data-animation-delay=\"03\" style=\"font-size:14px;border-width:1px;border-style:none;background:#03a0e4;color:#ffffff;border-color:#333333;\"><i class=\"icomoon-icomoonfree-16x16-briefcase\" ><\/i><\/div><div class=\"icon_description\" id=\"Info-list-wrap-7547\" style=\"font-size:14px;\"><h3 class=\"ult-responsive info-list-heading\"  data-ultimate-target='#Info-list-wrap-7547 h3'  data-responsive-json-new='{\"font-size\":\"desktop:16px;\",\"line-height\":\"desktop:24px;\"}'  style=\"\">Cartera de productos<\/h3><div class=\"icon_description_text ult-responsive\"  data-ultimate-target='#Info-list-wrap-7547 .icon_description_text'  data-responsive-json-new='{\"font-size\":\"desktop:13px;\",\"line-height\":\"desktop:18px;\"}'  style=\"\"><p>Amplia gama de productos tanto bituminosos (membranas de pol\u00edmero bituminoso), sint\u00e9ticos (membranas en TPO poliolefina y PVC-P) y l\u00edquidos (LAM &#8211; Membranas l\u00edquidas aplicadas) capaces de resolver cualquier problema de impermeabilizaci\u00f3n desde el m\u00e1s simple hasta el m\u00e1s complejo.<\/p>\n<\/div><\/div><div class=\"icon_list_connector\"  style=\"border-right-width: 1px;border-right-style: solid;border-color: #03a0e4;\"><\/div><\/li><li class=\"icon_list_item\" style=\" font-size:42px;\"><div class=\"icon_list_icon\" data-animation=\"\" data-animation-delay=\"03\" style=\"font-size:14px;border-width:1px;border-style:none;background:#03a0e4;color:#ffffff;border-color:#333333;\"><i class=\"icomoon-icomoonfree-16x16-user-tie\" ><\/i><\/div><div class=\"icon_description\" id=\"Info-list-wrap-6081\" style=\"font-size:14px;\"><h3 class=\"ult-responsive info-list-heading\"  data-ultimate-target='#Info-list-wrap-6081 h3'  data-responsive-json-new='{\"font-size\":\"desktop:16px;\",\"line-height\":\"desktop:24px;\"}'  style=\"\">Equipo t\u00e9cnico comercial<\/h3><div class=\"icon_description_text ult-responsive\"  data-ultimate-target='#Info-list-wrap-6081 .icon_description_text'  data-responsive-json-new='{\"font-size\":\"desktop:13px;\",\"line-height\":\"desktop:18px;\"}'  style=\"\"><p>Gracias a un equipo t\u00e9cnico muy profesional, con experiencia y formaci\u00f3n espec\u00edfica, IMPER ITALIA puede ayudar y asesorar a sus clientes para identificar las mejores soluciones integradas de impermeabilizaci\u00f3n que puedan resolver incluso los problemas m\u00e1s complejos, manteniendo, al mismo tiempo, un excelente rendimiento incluso a muy largo plazo.<\/p>\n<p>La actividad formativa en el TRAINING CENTRE y el servicio de ASISTENCIA T\u00c9CNICA representan dos de los momentos m\u00e1s importantes del enfoque altamente profesional reservado para este segmento del mercado.<\/p>\n<\/div><\/div><div class=\"icon_list_connector\"  style=\"border-right-width: 1px;border-right-style: solid;border-color: #03a0e4;\"><\/div><\/li><\/ul><\/div>[\/vc_column_inner][vc_column_inner width=\u00bb1\/2&#8243; css=\u00bb.vc_custom_1519727012881{margin-right: 10px !important;margin-left: 10px !important;padding-top: 20px !important;padding-right: 15px !important;padding-bottom: 20px !important;padding-left: 15px !important;}\u00bb]<div id=\"ultimate-heading-266569f5ae48c77c2\" class=\"uvc-heading ult-adjust-bottom-margin ultimate-heading-266569f5ae48c77c2 uvc-141 \" data-hspacer=\"no_spacer\"  data-halign=\"left\" style=\"text-align:left\"><div class=\"uvc-heading-spacer no_spacer\" style=\"top\"><\/div><div class=\"uvc-main-heading ult-responsive\"  data-ultimate-target='.uvc-heading.ultimate-heading-266569f5ae48c77c2 h2'  data-responsive-json-new='{\"font-size\":\"desktop:20px;\",\"line-height\":\"desktop:24px;\"}' ><h2 style=\"font-weight:bold;margin-bottom:20px;\">MINORISTAS <\/h2><\/div><\/div><div class=\"smile_icon_list_wrap ult_info_list_container ult-adjust-bottom-margin info-list-mission \"><ul class=\"smile_icon_list left circle with_bg\"><li class=\"icon_list_item\" style=\" font-size:42px;\"><div class=\"icon_list_icon\" data-animation=\"\" data-animation-delay=\"03\" style=\"font-size:14px;border-width:1px;border-style:none;background:#03a0e4;color:#ffffff;border-color:#333333;\"><i class=\"Defaults-bell\" ><\/i><\/div><div class=\"icon_description\" id=\"Info-list-wrap-6266\" style=\"font-size:14px;\"><h3 class=\"ult-responsive info-list-heading\"  data-ultimate-target='#Info-list-wrap-6266 h3'  data-responsive-json-new='{\"font-size\":\"desktop:16px;\",\"line-height\":\"desktop:24px;\"}'  style=\"\">Productos, sistemas y servicios dedicados a:<\/h3><div class=\"icon_description_text ult-responsive\"  data-ultimate-target='#Info-list-wrap-6266 .icon_description_text'  data-responsive-json-new='{\"font-size\":\"desktop:13px;\",\"line-height\":\"desktop:18px;\"}'  style=\"\"><p>Tiendas<br \/>\nDistribuidores<\/p>\n<\/div><\/div><div class=\"icon_list_connector\"  style=\"border-right-width: 1px;border-right-style: solid;border-color: #03a0e4;\"><\/div><\/li><li class=\"icon_list_item\" style=\" font-size:42px;\"><div class=\"icon_list_icon\" data-animation=\"\" data-animation-delay=\"03\" style=\"font-size:14px;border-width:1px;border-style:none;background:#03a0e4;color:#ffffff;border-color:#333333;\"><i class=\"icomoon-icomoonfree-16x16-briefcase\" ><\/i><\/div><div class=\"icon_description\" id=\"Info-list-wrap-6507\" style=\"font-size:14px;\"><h3 class=\"ult-responsive info-list-heading\"  data-ultimate-target='#Info-list-wrap-6507 h3'  data-responsive-json-new='{\"font-size\":\"desktop:16px;\",\"line-height\":\"desktop:24px;\"}'  style=\"\">Cartera de productos<\/h3><div class=\"icon_description_text ult-responsive\"  data-ultimate-target='#Info-list-wrap-6507 .icon_description_text'  data-responsive-json-new='{\"font-size\":\"desktop:13px;\",\"line-height\":\"desktop:18px;\"}'  style=\"\"><p>Amplia gama de productos de impermeabilizaci\u00f3n, aislantes t\u00e9rmicos y ac\u00fasticos, selladores, tejas bituminosas, productos especiales y complementarios para el sector de los vendedores de productos para la construcci\u00f3n.<\/p>\n<\/div><\/div><div class=\"icon_list_connector\"  style=\"border-right-width: 1px;border-right-style: solid;border-color: #03a0e4;\"><\/div><\/li><li class=\"icon_list_item\" style=\" font-size:42px;\"><div class=\"icon_list_icon\" data-animation=\"\" data-animation-delay=\"03\" style=\"font-size:14px;border-width:1px;border-style:none;background:#03a0e4;color:#ffffff;border-color:#333333;\"><i class=\"icomoon-icomoonfree-16x16-user-tie\" ><\/i><\/div><div class=\"icon_description\" id=\"Info-list-wrap-4810\" style=\"font-size:14px;\"><h3 class=\"ult-responsive info-list-heading\"  data-ultimate-target='#Info-list-wrap-4810 h3'  data-responsive-json-new='{\"font-size\":\"desktop:16px;\",\"line-height\":\"desktop:24px;\"}'  style=\"\">Equipo t\u00e9cnico comercial<\/h3><div class=\"icon_description_text ult-responsive\"  data-ultimate-target='#Info-list-wrap-4810 .icon_description_text'  data-responsive-json-new='{\"font-size\":\"desktop:13px;\",\"line-height\":\"desktop:18px;\"}'  style=\"\"><p>Una red de agentes junto a una red de unidades log\u00edsticas perif\u00e9ricas capaces de asegurar un servicio capilar en el territorio.<\/p>\n<p>A trav\u00e9s de una actividad de \u00abcomarketing\u00bb, la secci\u00f3n de \u00abMinoristas\u00bb se une a los operadores comerciales, llevando a cabo actividades de capacitaci\u00f3n \u00absobre el terreno\u00bb, para orientar el an\u00e1lisis de problemas, la elecci\u00f3n de productos y la correcta aplicaci\u00f3n de los mismos.<\/p>\n<\/div><\/div><div class=\"icon_list_connector\"  style=\"border-right-width: 1px;border-right-style: solid;border-color: #03a0e4;\"><\/div><\/li><\/ul><\/div>[\/vc_column_inner][\/vc_row_inner][\/vc_column][\/vc_row]<\/p>\n","protected":false},"excerpt":{"rendered":"<p>[vc_row bg_type=\u00bbimage\u00bb parallax_style=\u00bbvcpb-vz-jquery\u00bb bg_image_new=\u00bbid^53382|url^http:\/\/www.imper.it\/wp-content\/uploads\/2018\/05\/mission_small.jpg|caption^null|alt^null|title^mission_small|description^null\u00bb bg_image_repeat=\u00bbno-repeat\u00bb bg_override=\u00bbfull\u00bb enable_overlay=\u00bbenable_overlay_value\u00bb overlay_color=\u00bbrgba(0,0,0,0.5)\u00bb overlay_pattern=\u00bbtransperant\u00bb overlay_pattern_opacity=\u00bb25&#8243; css=\u00bb.vc_custom_1526465491074{padding-top: 12% !important;padding-bottom: 12% !important;background-color: #0c0c0c !important;}\u00bb][vc_column][\/vc_column][\/vc_row][vc_row css=\u00bb.vc_custom_1519724500440{margin-top: 70px !important;margin-bottom: 70px !important;}\u00bb][vc_column width=\u00bb1\/3&#8243; css=\u00bb.vc_custom_1525268764085{margin-right: 10px !important;}\u00bb][vc_column_text css=\u00bb.vc_custom_1527599910042{padding-top: 25px !important;}\u00bb]Desde su fundaci\u00f3n en 1936, IMPER ITALIA se ha propuesto al mercado como una empresa l\u00edder en la investigaci\u00f3n, desarrollo y fabricaci\u00f3n de productos para la impermeabilizaci\u00f3n&hellip;<\/p>\n","protected":false},"author":1,"featured_media":0,"parent":54808,"menu_order":0,"comment_status":"closed","ping_status":"closed","template":"","meta":[],"yoast_head":"<!-- This site is optimized with the Yoast SEO plugin v15.9.2 - https:\/\/yoast.com\/wordpress\/plugins\/seo\/ -->\n<title>Misi\u00f3n - Imper Italia<\/title>\n<meta name=\"robots\" content=\"index, follow, max-snippet:-1, max-image-preview:large, max-video-preview:-1\" \/>\n<link rel=\"canonical\" href=\"https:\/\/www.imper.it\/es\/about-us\/mision\/\" \/>\n<meta property=\"og:locale\" content=\"es_ES\" \/>\n<meta property=\"og:type\" content=\"article\" \/>\n<meta property=\"og:title\" content=\"Misi\u00f3n - Imper Italia\" \/>\n<meta property=\"og:description\" content=\"[vc_row bg_type=\u00bbimage\u00bb parallax_style=\u00bbvcpb-vz-jquery\u00bb bg_image_new=\u00bbid^53382|url^http:\/\/www.imper.it\/wp-content\/uploads\/2018\/05\/mission_small.jpg|caption^null|alt^null|title^mission_small|description^null\u00bb bg_image_repeat=\u00bbno-repeat\u00bb bg_override=\u00bbfull\u00bb enable_overlay=\u00bbenable_overlay_value\u00bb overlay_color=\u00bbrgba(0,0,0,0.5)\u00bb overlay_pattern=\u00bbtransperant\u00bb overlay_pattern_opacity=\u00bb25&#8243; css=\u00bb.vc_custom_1526465491074{padding-top: 12% !important;padding-bottom: 12% !important;background-color: #0c0c0c !important;}\u00bb][vc_column][\/vc_column][\/vc_row][vc_row css=\u00bb.vc_custom_1519724500440{margin-top: 70px !important;margin-bottom: 70px !important;}\u00bb][vc_column width=\u00bb1\/3&#8243; css=\u00bb.vc_custom_1525268764085{margin-right: 10px !important;}\u00bb][vc_column_text css=\u00bb.vc_custom_1527599910042{padding-top: 25px !important;}\u00bb]Desde su fundaci\u00f3n en 1936, IMPER ITALIA se ha propuesto al mercado como una empresa l\u00edder en la investigaci\u00f3n, desarrollo y fabricaci\u00f3n de productos para la impermeabilizaci\u00f3n&hellip;\" \/>\n<meta property=\"og:url\" content=\"https:\/\/www.imper.it\/es\/about-us\/mision\/\" \/>\n<meta property=\"og:site_name\" content=\"Imper Italia\" \/>\n<meta property=\"article:modified_time\" content=\"2018-05-29T13:24:38+00:00\" \/>\n<meta name=\"twitter:card\" content=\"summary_large_image\" \/>\n<meta name=\"twitter:label1\" content=\"Tiempo de lectura\">\n\t<meta name=\"twitter:data1\" content=\"5 minutos\">\n<script type=\"application\/ld+json\" class=\"yoast-schema-graph\">{\"@context\":\"https:\/\/schema.org\",\"@graph\":[{\"@type\":\"WebSite\",\"@id\":\"https:\/\/www.imper.it\/#website\",\"url\":\"https:\/\/www.imper.it\/\",\"name\":\"Imper Italia\",\"description\":\"Impermeabilizzazione industriale\",\"potentialAction\":[{\"@type\":\"SearchAction\",\"target\":\"https:\/\/www.imper.it\/?s={search_term_string}\",\"query-input\":\"required name=search_term_string\"}],\"inLanguage\":\"es\"},{\"@type\":\"WebPage\",\"@id\":\"https:\/\/www.imper.it\/es\/about-us\/mision\/#webpage\",\"url\":\"https:\/\/www.imper.it\/es\/about-us\/mision\/\",\"name\":\"Misi\\u00f3n - Imper Italia\",\"isPartOf\":{\"@id\":\"https:\/\/www.imper.it\/#website\"},\"datePublished\":\"2018-05-29T13:23:19+00:00\",\"dateModified\":\"2018-05-29T13:24:38+00:00\",\"breadcrumb\":{\"@id\":\"https:\/\/www.imper.it\/es\/about-us\/mision\/#breadcrumb\"},\"inLanguage\":\"es\",\"potentialAction\":[{\"@type\":\"ReadAction\",\"target\":[\"https:\/\/www.imper.it\/es\/about-us\/mision\/\"]}]},{\"@type\":\"BreadcrumbList\",\"@id\":\"https:\/\/www.imper.it\/es\/about-us\/mision\/#breadcrumb\",\"itemListElement\":[{\"@type\":\"ListItem\",\"position\":1,\"item\":{\"@type\":\"WebPage\",\"@id\":\"https:\/\/www.imper.it\/es\/\",\"url\":\"https:\/\/www.imper.it\/es\/\",\"name\":\"Home\"}},{\"@type\":\"ListItem\",\"position\":2,\"item\":{\"@type\":\"WebPage\",\"@id\":\"https:\/\/www.imper.it\/es\/about-us\/\",\"url\":\"https:\/\/www.imper.it\/es\/about-us\/\",\"name\":\"About us\"}},{\"@type\":\"ListItem\",\"position\":3,\"item\":{\"@type\":\"WebPage\",\"@id\":\"https:\/\/www.imper.it\/es\/about-us\/mision\/\",\"url\":\"https:\/\/www.imper.it\/es\/about-us\/mision\/\",\"name\":\"Misi\\u00f3n\"}}]}]}<\/script>\n<!-- \/ Yoast SEO plugin. -->","_links":{"self":[{"href":"https:\/\/www.imper.it\/es\/wp-json\/wp\/v2\/pages\/53457"}],"collection":[{"href":"https:\/\/www.imper.it\/es\/wp-json\/wp\/v2\/pages"}],"about":[{"href":"https:\/\/www.imper.it\/es\/wp-json\/wp\/v2\/types\/page"}],"author":[{"embeddable":true,"href":"https:\/\/www.imper.it\/es\/wp-json\/wp\/v2\/users\/1"}],"replies":[{"embeddable":true,"href":"https:\/\/www.imper.it\/es\/wp-json\/wp\/v2\/comments?post=53457"}],"version-history":[{"count":3,"href":"https:\/\/www.imper.it\/es\/wp-json\/wp\/v2\/pages\/53457\/revisions"}],"predecessor-version":[{"id":53460,"href":"https:\/\/www.imper.it\/es\/wp-json\/wp\/v2\/pages\/53457\/revisions\/53460"}],"up":[{"embeddable":true,"href":"https:\/\/www.imper.it\/es\/wp-json\/wp\/v2\/pages\/54808"}],"wp:attachment":[{"href":"https:\/\/www.imper.it\/es\/wp-json\/wp\/v2\/media?parent=53457"}],"curies":[{"name":"wp","href":"https:\/\/api.w.org\/{rel}","templated":true}]}}