{"id":53479,"date":"2018-05-29T16:28:46","date_gmt":"2018-05-29T14:28:46","guid":{"rendered":"http:\/\/www.imper.it\/?page_id=53479"},"modified":"2018-05-29T16:36:35","modified_gmt":"2018-05-29T14:36:35","slug":"sostenibilidad","status":"publish","type":"page","link":"https:\/\/www.imper.it\/es\/about-us\/sostenibilidad\/","title":{"rendered":"Sostenibilidad"},"content":{"rendered":"<p>[vc_row bg_type=\u00bbimage\u00bb parallax_style=\u00bbvcpb-vz-jquery\u00bb bg_image_new=\u00bbid^53351|url^http:\/\/www.imper.it\/wp-content\/uploads\/2018\/05\/Sostenibilita_small.jpg|caption^green background with rain droplets,shot with very shallow depth of field|alt^null|title^green background with rain droplets,shot with very shallow depth of field|description^null\u00bb bg_image_repeat=\u00bbno-repeat\u00bb bg_override=\u00bbfull\u00bb enable_overlay=\u00bbenable_overlay_value\u00bb overlay_color=\u00bbrgba(0,0,0,0.5)\u00bb overlay_pattern=\u00bbtransperant\u00bb overlay_pattern_opacity=\u00bb25&#8243; css=\u00bb.vc_custom_1526285843723{padding-top: 12% !important;padding-bottom: 12% !important;background-color: #0c0c0c !important;}\u00bb][vc_column]<div id=\"ultimate-heading-112069f5bf13b8aa3\" class=\"uvc-heading ult-adjust-bottom-margin ultimate-heading-112069f5bf13b8aa3 uvc-5807 accent-border-color uvc-heading-default-font-sizes\" data-hspacer=\"line_only\"  data-halign=\"center\" style=\"text-align:center\"><div class=\"uvc-main-heading ult-responsive\"  data-ultimate-target='.uvc-heading.ultimate-heading-112069f5bf13b8aa3 h2'  data-responsive-json-new='{\"font-size\":\"\",\"line-height\":\"\"}' ><h2 style=\"font-weight:bold;color:#ffffff;\">Sostenibilidad: un compromiso de Imper Italia<\/h2><\/div><div class=\"uvc-heading-spacer line_only\" style=\"topheight:3px;\"><span class=\"uvc-headings-line\" style=\"border-style:solid;border-bottom-width:3px;border-color:#ccc;width:774px;\"><\/span><\/div><\/div>[\/vc_column][\/vc_row][vc_row css=\u00bb.vc_custom_1526283220986{margin-top: 70px !important;margin-bottom: 45px !important;}\u00bb][vc_column width=\u00bb1\/2&#8243;]<div id=\"ultimate-heading-808869f5bf13b8b29\" class=\"uvc-heading ult-adjust-bottom-margin ultimate-heading-808869f5bf13b8b29 uvc-4553  uvc-heading-default-font-sizes\" data-hspacer=\"no_spacer\"  data-halign=\"center\" style=\"text-align:center\"><div class=\"uvc-heading-spacer no_spacer\" style=\"top\"><\/div><div class=\"uvc-main-heading ult-responsive\"  data-ultimate-target='.uvc-heading.ultimate-heading-808869f5bf13b8b29 h2'  data-responsive-json-new='{\"font-size\":\"\",\"line-height\":\"\"}' ><h2 style=\"--font-weight:theme;margin-bottom:25px;\">Green Building Council Italia<\/h2><\/div><\/div><style type=\"text\/css\" data-type=\"the7_shortcodes-inline-css\">.shortcode-single-image-wrap.shortcode-single-image-fc08d7f16c316feb6c265acf1daa6b54.enable-bg-rollover .rollover i,\n.shortcode-single-image-wrap.shortcode-single-image-fc08d7f16c316feb6c265acf1daa6b54.enable-bg-rollover .rollover-video i {\n  background: ;\n  background: -webkit-linear-gradient();\n  background: linear-gradient();\n}\n.shortcode-single-image-wrap.shortcode-single-image-fc08d7f16c316feb6c265acf1daa6b54 .rollover-icon {\n  font-size: 32px;\n  color: #ffffff;\n  min-width: 44px;\n  min-height: 44px;\n  line-height: 44px;\n  border-radius: 100px;\n  border-style: solid;\n  border-width: 0px;\n}\n.dt-icon-bg-on.shortcode-single-image-wrap.shortcode-single-image-fc08d7f16c316feb6c265acf1daa6b54 .rollover-icon {\n  background: rgba(255,255,255,0.3);\n  box-shadow: none;\n}\n<\/style><div class=\"shortcode-single-image-wrap shortcode-single-image-fc08d7f16c316feb6c265acf1daa6b54 alignnone  enable-bg-rollover dt-icon-bg-off\" style=\"margin-top:0px; margin-bottom:0px; margin-left:0px; margin-right:0px; width:450px;\"><div class=\"shortcode-single-image\"><div class=\"fancy-media-wrap  layzr-bg\" style=\"\"><img class=\"preload-me lazy-load\" src=\"data:image\/svg+xml,%3Csvg%20xmlns%3D&#39;http%3A%2F%2Fwww.w3.org%2F2000%2Fsvg&#39;%20viewBox%3D&#39;0%200%20450%20225&#39;%2F%3E\" data-src=\"https:\/\/www.imper.it\/wp-content\/uploads\/2018\/02\/gbci-450x225.png\" data-srcset=\"https:\/\/www.imper.it\/wp-content\/uploads\/2018\/02\/gbci-450x225.png 450w, https:\/\/www.imper.it\/wp-content\/uploads\/2018\/02\/gbci.png 500w\" width=\"450\" height=\"225\"  data-dt-location=\"https:\/\/www.imper.it\/es\/about-us\/sostenibilita\/gbci\/\" style=\"\" alt=\"\" \/><\/div><\/div><\/div>[vc_column_text css=\u00bb.vc_custom_1527604066066{padding-top: 25px !important;}\u00bb]IMPER ITALIA se ha unido al <strong>GREEN BUILDING COUNCIL ITALIA<\/strong>: asociaci\u00f3n que tiene como objetivo promover y acelerar la difusi\u00f3n de una cultura de la construcci\u00f3n sostenible, para crear conciencia entre la opini\u00f3n p\u00fablica y las instituciones sobre el impacto que el dise\u00f1o y los m\u00e9todos de construcci\u00f3n de los edificios tienen en la calidad de vida de los ciudadanos y proporcionar puntos de referencia claros para los operadores del sector.<\/p>\n<p><strong>GBC ITALIA<\/strong> tiene la tarea de difundir y desarrollar las caracter\u00edsticas de los est\u00e1ndares del LEED (Liderazgo en Energ\u00eda y Dise\u00f1o Ambiental) en Italia. Son los par\u00e1metros para la construcci\u00f3n sostenible desarrollados en Estados Unidos y ya aplicados en 41 pa\u00edses de todo el mundo para el desarrollo y la difusi\u00f3n de edificios \u00abverdes\u00bb.[\/vc_column_text][\/vc_column][vc_column width=\u00bb1\/2&#8243;]<div id=\"ultimate-heading-069f5bf13bb016\" class=\"uvc-heading ult-adjust-bottom-margin ultimate-heading-069f5bf13bb016 uvc-2610  uvc-heading-default-font-sizes\" data-hspacer=\"no_spacer\"  data-halign=\"center\" style=\"text-align:center\"><div class=\"uvc-heading-spacer no_spacer\" style=\"top\"><\/div><div class=\"uvc-main-heading ult-responsive\"  data-ultimate-target='.uvc-heading.ultimate-heading-069f5bf13bb016 h2'  data-responsive-json-new='{\"font-size\":\"\",\"line-height\":\"\"}' ><h2 style=\"--font-weight:theme;margin-bottom:25px;\">LEED<\/h2><\/div><\/div>[vc_column_text css=\u00bb.vc_custom_1527604077992{margin-bottom: 10px !important;}\u00bb]La tarea de <strong>LEED<\/strong>\u00a0es:[\/vc_column_text]<div class=\"standard-number-list bullet-top\"><ul>\n<li style=\"text-align: justify;\"><img loading=\"lazy\" class=\"size-full wp-image-52456 alignright\" src=\"http:\/\/www.imper.it\/wp-content\/uploads\/2018\/02\/leed.png\" alt=\"\" width=\"200\" height=\"200\" srcset=\"https:\/\/www.imper.it\/wp-content\/uploads\/2018\/02\/leed.png 200w, https:\/\/www.imper.it\/wp-content\/uploads\/2018\/02\/leed-150x150.png 150w\" sizes=\"(max-width: 200px) 100vw, 200px\" \/>Establecer un est\u00e1ndar com\u00fan para evaluar los \u00abedificios verdes\u00bb, definidos como edificios con bajo impacto medioambiental;<\/li>\n<li>Proporcionar y promover un sistema de planificaci\u00f3n integrado que cubra todo el edificio;<\/li>\n<li>Dar reconocimiento a aquellos que realizan actuaciones virtuosas en el campo de la construcci\u00f3n;<\/li>\n<li>Estimular la competencia sobre el tema del desempe\u00f1o ambiental;<\/li>\n<li>Establecer un valor de mercado mediante la creaci\u00f3n de una marca reconocida en el \u00e1mbito mundial;<\/li>\n<li>Ayudar a los clientes y aumentar su conciencia sobre la importancia de la construcci\u00f3n verde;<\/li>\n<li>Transformar el mercado y el sector de la construcci\u00f3n.<\/li>\n<\/ul>\n<\/div>[\/vc_column][\/vc_row][vc_row][vc_column][vc_column_text]<\/p>\n<p><strong>Sostenibilidad: un compromiso de Imper Italia<\/strong>[\/vc_column_text][\/vc_column][\/vc_row]<\/p>\n","protected":false},"excerpt":{"rendered":"<p>[vc_row bg_type=\u00bbimage\u00bb parallax_style=\u00bbvcpb-vz-jquery\u00bb bg_image_new=\u00bbid^53351|url^http:\/\/www.imper.it\/wp-content\/uploads\/2018\/05\/Sostenibilita_small.jpg|caption^green background with rain droplets,shot with very shallow depth of field|alt^null|title^green background with rain droplets,shot with very shallow depth of field|description^null\u00bb bg_image_repeat=\u00bbno-repeat\u00bb bg_override=\u00bbfull\u00bb enable_overlay=\u00bbenable_overlay_value\u00bb overlay_color=\u00bbrgba(0,0,0,0.5)\u00bb overlay_pattern=\u00bbtransperant\u00bb overlay_pattern_opacity=\u00bb25&#8243; css=\u00bb.vc_custom_1526285843723{padding-top: 12% !important;padding-bottom: 12% !important;background-color: #0c0c0c !important;}\u00bb][vc_column][\/vc_column][\/vc_row][vc_row css=\u00bb.vc_custom_1526283220986{margin-top: 70px !important;margin-bottom: 45px !important;}\u00bb][vc_column width=\u00bb1\/2&#8243;][vc_column_text css=\u00bb.vc_custom_1527604066066{padding-top: 25px !important;}\u00bb]IMPER ITALIA se ha unido al GREEN BUILDING COUNCIL ITALIA:&hellip;<\/p>\n","protected":false},"author":1,"featured_media":0,"parent":54808,"menu_order":0,"comment_status":"closed","ping_status":"closed","template":"","meta":[],"yoast_head":"<!-- This site is optimized with the Yoast SEO plugin v15.9.2 - https:\/\/yoast.com\/wordpress\/plugins\/seo\/ -->\n<title>Sostenibilidad - Imper Italia<\/title>\n<meta name=\"robots\" content=\"index, follow, max-snippet:-1, max-image-preview:large, max-video-preview:-1\" \/>\n<link rel=\"canonical\" href=\"https:\/\/www.imper.it\/es\/about-us\/sostenibilidad\/\" \/>\n<meta property=\"og:locale\" content=\"es_ES\" \/>\n<meta property=\"og:type\" content=\"article\" \/>\n<meta property=\"og:title\" content=\"Sostenibilidad - Imper Italia\" \/>\n<meta property=\"og:description\" content=\"[vc_row bg_type=\u00bbimage\u00bb parallax_style=\u00bbvcpb-vz-jquery\u00bb bg_image_new=\u00bbid^53351|url^http:\/\/www.imper.it\/wp-content\/uploads\/2018\/05\/Sostenibilita_small.jpg|caption^green background with rain droplets,shot with very shallow depth of field|alt^null|title^green background with rain droplets,shot with very shallow depth of field|description^null\u00bb bg_image_repeat=\u00bbno-repeat\u00bb bg_override=\u00bbfull\u00bb enable_overlay=\u00bbenable_overlay_value\u00bb overlay_color=\u00bbrgba(0,0,0,0.5)\u00bb overlay_pattern=\u00bbtransperant\u00bb overlay_pattern_opacity=\u00bb25&#8243; css=\u00bb.vc_custom_1526285843723{padding-top: 12% !important;padding-bottom: 12% !important;background-color: #0c0c0c !important;}\u00bb][vc_column][\/vc_column][\/vc_row][vc_row css=\u00bb.vc_custom_1526283220986{margin-top: 70px !important;margin-bottom: 45px !important;}\u00bb][vc_column width=\u00bb1\/2&#8243;][vc_column_text css=\u00bb.vc_custom_1527604066066{padding-top: 25px !important;}\u00bb]IMPER ITALIA se ha unido al GREEN BUILDING COUNCIL ITALIA:&hellip;\" \/>\n<meta property=\"og:url\" content=\"https:\/\/www.imper.it\/es\/about-us\/sostenibilidad\/\" \/>\n<meta property=\"og:site_name\" content=\"Imper Italia\" \/>\n<meta property=\"article:modified_time\" content=\"2018-05-29T14:36:35+00:00\" \/>\n<meta property=\"og:image\" content=\"http:\/\/www.imper.it\/wp-content\/uploads\/2018\/02\/leed.png\" \/>\n<meta name=\"twitter:card\" content=\"summary_large_image\" \/>\n<meta name=\"twitter:label1\" content=\"Tiempo de lectura\">\n\t<meta name=\"twitter:data1\" content=\"2 minutos\">\n<script type=\"application\/ld+json\" class=\"yoast-schema-graph\">{\"@context\":\"https:\/\/schema.org\",\"@graph\":[{\"@type\":\"WebSite\",\"@id\":\"https:\/\/www.imper.it\/#website\",\"url\":\"https:\/\/www.imper.it\/\",\"name\":\"Imper Italia\",\"description\":\"Impermeabilizzazione industriale\",\"potentialAction\":[{\"@type\":\"SearchAction\",\"target\":\"https:\/\/www.imper.it\/?s={search_term_string}\",\"query-input\":\"required name=search_term_string\"}],\"inLanguage\":\"es\"},{\"@type\":\"ImageObject\",\"@id\":\"https:\/\/www.imper.it\/es\/about-us\/sostenibilidad\/#primaryimage\",\"inLanguage\":\"es\",\"url\":\"http:\/\/www.imper.it\/wp-content\/uploads\/2018\/02\/leed.png\"},{\"@type\":\"WebPage\",\"@id\":\"https:\/\/www.imper.it\/es\/about-us\/sostenibilidad\/#webpage\",\"url\":\"https:\/\/www.imper.it\/es\/about-us\/sostenibilidad\/\",\"name\":\"Sostenibilidad - Imper Italia\",\"isPartOf\":{\"@id\":\"https:\/\/www.imper.it\/#website\"},\"primaryImageOfPage\":{\"@id\":\"https:\/\/www.imper.it\/es\/about-us\/sostenibilidad\/#primaryimage\"},\"datePublished\":\"2018-05-29T14:28:46+00:00\",\"dateModified\":\"2018-05-29T14:36:35+00:00\",\"breadcrumb\":{\"@id\":\"https:\/\/www.imper.it\/es\/about-us\/sostenibilidad\/#breadcrumb\"},\"inLanguage\":\"es\",\"potentialAction\":[{\"@type\":\"ReadAction\",\"target\":[\"https:\/\/www.imper.it\/es\/about-us\/sostenibilidad\/\"]}]},{\"@type\":\"BreadcrumbList\",\"@id\":\"https:\/\/www.imper.it\/es\/about-us\/sostenibilidad\/#breadcrumb\",\"itemListElement\":[{\"@type\":\"ListItem\",\"position\":1,\"item\":{\"@type\":\"WebPage\",\"@id\":\"https:\/\/www.imper.it\/es\/\",\"url\":\"https:\/\/www.imper.it\/es\/\",\"name\":\"Home\"}},{\"@type\":\"ListItem\",\"position\":2,\"item\":{\"@type\":\"WebPage\",\"@id\":\"https:\/\/www.imper.it\/es\/about-us\/\",\"url\":\"https:\/\/www.imper.it\/es\/about-us\/\",\"name\":\"About us\"}},{\"@type\":\"ListItem\",\"position\":3,\"item\":{\"@type\":\"WebPage\",\"@id\":\"https:\/\/www.imper.it\/es\/about-us\/sostenibilidad\/\",\"url\":\"https:\/\/www.imper.it\/es\/about-us\/sostenibilidad\/\",\"name\":\"Sostenibilidad\"}}]}]}<\/script>\n<!-- \/ Yoast SEO plugin. -->","_links":{"self":[{"href":"https:\/\/www.imper.it\/es\/wp-json\/wp\/v2\/pages\/53479"}],"collection":[{"href":"https:\/\/www.imper.it\/es\/wp-json\/wp\/v2\/pages"}],"about":[{"href":"https:\/\/www.imper.it\/es\/wp-json\/wp\/v2\/types\/page"}],"author":[{"embeddable":true,"href":"https:\/\/www.imper.it\/es\/wp-json\/wp\/v2\/users\/1"}],"replies":[{"embeddable":true,"href":"https:\/\/www.imper.it\/es\/wp-json\/wp\/v2\/comments?post=53479"}],"version-history":[{"count":3,"href":"https:\/\/www.imper.it\/es\/wp-json\/wp\/v2\/pages\/53479\/revisions"}],"predecessor-version":[{"id":53482,"href":"https:\/\/www.imper.it\/es\/wp-json\/wp\/v2\/pages\/53479\/revisions\/53482"}],"up":[{"embeddable":true,"href":"https:\/\/www.imper.it\/es\/wp-json\/wp\/v2\/pages\/54808"}],"wp:attachment":[{"href":"https:\/\/www.imper.it\/es\/wp-json\/wp\/v2\/media?parent=53479"}],"curies":[{"name":"wp","href":"https:\/\/api.w.org\/{rel}","templated":true}]}}