{"id":53488,"date":"2018-05-29T16:51:55","date_gmt":"2018-05-29T14:51:55","guid":{"rendered":"http:\/\/www.imper.it\/?page_id=53488"},"modified":"2025-05-26T16:12:09","modified_gmt":"2025-05-26T14:12:09","slug":"historia","status":"publish","type":"page","link":"https:\/\/www.imper.it\/es\/about-us\/historia\/","title":{"rendered":"Historia"},"content":{"rendered":"<p>[vc_row bg_type=\u00bbimage\u00bb parallax_style=\u00bbvcpb-vz-jquery\u00bb bg_image_new=\u00bbid^56845|url^https:\/\/www.imper.it\/wp-content\/uploads\/2023\/02\/aboutus_storia_small.jpg|caption^null|alt^null|title^aboutus_storia_small|description^null\u00bb bg_image_repeat=\u00bbno-repeat\u00bb bg_override=\u00bbfull\u00bb enable_overlay=\u00bbenable_overlay_value\u00bb overlay_color=\u00bbrgba(0,0,0,0.5)\u00bb overlay_pattern=\u00bbtransperant\u00bb overlay_pattern_opacity=\u00bb25&#8243; css=\u00bb.vc_custom_1677150126037{padding-top: 12% !important;padding-bottom: 12% !important;background-color: #0c0c0c !important;}\u00bb][vc_column]<div id=\"ultimate-heading-742969f2858d1c332\" class=\"uvc-heading ult-adjust-bottom-margin ultimate-heading-742969f2858d1c332 uvc-73 accent-border-color uvc-heading-default-font-sizes\" data-hspacer=\"line_only\"  data-halign=\"center\" style=\"text-align:center\"><div class=\"uvc-main-heading ult-responsive\"  data-ultimate-target='.uvc-heading.ultimate-heading-742969f2858d1c332 h2'  data-responsive-json-new='{\"font-size\":\"\",\"line-height\":\"\"}' ><h2 style=\"font-weight:bold;color:#ffffff;\">Casi un siglo de experiencia<\/h2><\/div><div class=\"uvc-heading-spacer line_only\" style=\"topheight:3px;\"><span class=\"uvc-headings-line\" style=\"border-style:solid;border-bottom-width:3px;border-color:#ccc;width:456px;\"><\/span><\/div><\/div>[\/vc_column][\/vc_row][vc_row css=\u00bb.vc_custom_1519745514691{margin-top: 70px !important;}\u00bb][vc_column]<div class=\"jstime timeline_preloader\" style=\"opacity:0;width:35px;margin:auto;margin-top:30px;\"><img style=\"box-shadow:none;\" alt=\"timeline_pre_loader\" src=\"https:\/\/www.imper.it\/wp-content\/plugins\/Ultimate_VC_Addons\/modules\/..\/assets\/img\/timeline_pre-loader.gif\" \/><\/div><div class=\"smile-icon-timeline-wrap jstime   tl-animation-slide-up\"  data-time_sep_bg_color=\"#ffb536\"   style=\"opacity:0; \"><div class=\"timeline-line \" style=\"border-right-color:;\"><span><\/span><\/div><div class=\"timeline-wrapper\"><\/div>\n\t\t\t\t<div id=\"timeline-seperator-3112\" class=\"timeline-separator-text \" data-sep-col=\"\" data-sep-bg-col=\"\"><span class=\"sep-text ult-responsive\"  data-ultimate-target='#timeline-seperator-3112 .sep-text'  data-responsive-json-new='{\"font-size\":\"desktop:20px;\",\"line-height\":\"desktop:24px;\"}'  style=\"border-width:1px;border-radius:5px;\">1936<\/span><\/div><div class=\"timeline-wrapper \"><div class=\"timeline-block \"><div class=\"timeline-dot\"><\/div><div class=\"ult-timeline-arrow\"><s><\/s><l><\/l><\/div><div class=\"timeline-icon-block\"><div class=\"ult-timeline-icon tl-icon-no-bg\" style=\"   \"><\/div> <!-- icon --><\/div><div class=\"timeline-header-block\" >\n\t\t\t\t\t\t\t<div id=\"timeline-item-6164\" class=\"timeline-header\" style=\"\"><h3 class=\"ult-timeline-title ult-responsive\"  data-ultimate-target='#timeline-item-6164 .ult-timeline-title'  data-responsive-json-new='{\"font-size\":\"desktop:18px;\",\"line-height\":\"desktop:22px;\"}'  style=\"\">Nace una Sociedad<\/h3><div class=\"ult-responsive timeline-item-spt\"  data-ultimate-target='#timeline-item-6164 .timeline-item-spt'  data-responsive-json-new='{\"font-size\":\"desktop:16px;\",\"line-height\":\"desktop:20px;\"}'  style=\"\">IMPER ITALIA se funda en Tur\u00edn en el a\u00f1o 1936, con la producci\u00f3n de hidr\u00f3fugos, selladores y emulsiones bituminosas, para impermeabilizar cubiertas, cimientos, embalses, presas, canales y otras obras de construcci\u00f3n. Posteriormente, la Compa\u00f1\u00eda responde, con la fabricaci\u00f3n de revestimientos especiales, a la creciente necesidad de proteger grandes estructuras e instalaciones de acero (viaductos, tanques, tuber\u00edas, grandes construcciones de chapa met\u00e1lica) contra la corrosi\u00f3n. IMPER ITALIA sostiene adem\u00e1s la producci\u00f3n de formulaciones para la protecci\u00f3n, mantenimiento y restauraci\u00f3n de estructuras de hormig\u00f3n.<\/div><\/div> <!-- header --><\/div><\/div><div class=\"timeline-block \"><div class=\"timeline-dot\"><\/div><div class=\"ult-timeline-arrow\"><s><\/s><l><\/l><\/div><div class=\"timeline-icon-block\"><div class=\"ult-timeline-icon tl-icon-no-bg\" style=\"   \"><\/div> <!-- icon --><\/div><div class=\"timeline-header-block\" >\n\t\t\t\t\t\t\t<div id=\"timeline-item-9165\" class=\"timeline-header\" style=\"\"><h3 class=\"ult-timeline-title ult-responsive\"  data-ultimate-target='#timeline-item-9165 .ult-timeline-title'  data-responsive-json-new='{\"font-size\":\"desktop:15px;\",\"line-height\":\"desktop:18px;\"}'  style=\"\"><\/h3><div class=\"ult-responsive timeline-item-spt\"  data-ultimate-target='#timeline-item-9165 .timeline-item-spt'  data-responsive-json-new='{\"font-size\":\"\",\"line-height\":\"\"}'  style=\"\"><img class=\"alignnone size-medium wp-image-52866\" src=\"http:\/\/www.imper.it\/wp-content\/uploads\/2018\/03\/1-1.jpg\" alt=\"\" width=\"600\" \/><img loading=\"lazy\" class=\"alignnone size-full wp-image-52903\" src=\"https:\/\/www.imper.it\/wp-content\/uploads\/2018\/03\/storia_1.jpg\" alt=\"\" width=\"800\" height=\"544\" srcset=\"https:\/\/www.imper.it\/wp-content\/uploads\/2018\/03\/storia_1.jpg 800w, https:\/\/www.imper.it\/wp-content\/uploads\/2018\/03\/storia_1-600x408.jpg 600w, https:\/\/www.imper.it\/wp-content\/uploads\/2018\/03\/storia_1-300x204.jpg 300w, https:\/\/www.imper.it\/wp-content\/uploads\/2018\/03\/storia_1-768x522.jpg 768w\" sizes=\"(max-width: 800px) 100vw, 800px\" \/><\/div><\/div> <!-- header --><\/div><\/div><\/div>\n\t\t\t\t<div id=\"timeline-seperator-6864\" class=\"timeline-separator-text \" data-sep-col=\"\" data-sep-bg-col=\"\"><span class=\"sep-text ult-responsive\"  data-ultimate-target='#timeline-seperator-6864 .sep-text'  data-responsive-json-new='{\"font-size\":\"desktop:20px;\",\"line-height\":\"desktop:24px;\"}'  style=\"border-width:1px;border-radius:5px;\">LOS A\u00d1OS SETENTA<\/span><\/div><div class=\"timeline-wrapper \"><div class=\"timeline-block \"><div class=\"timeline-dot\"><\/div><div class=\"ult-timeline-arrow\"><s><\/s><l><\/l><\/div><div class=\"timeline-icon-block\"><div class=\"ult-timeline-icon tl-icon-no-bg\" style=\"   \"><\/div> <!-- icon --><\/div><div class=\"timeline-header-block\" >\n\t\t\t\t\t\t\t<div id=\"timeline-item-3382\" class=\"timeline-header\" style=\"\"><h3 class=\"ult-timeline-title ult-responsive\"  data-ultimate-target='#timeline-item-3382 .ult-timeline-title'  data-responsive-json-new='{\"font-size\":\"\",\"line-height\":\"\"}'  style=\"\"><\/h3><div class=\"ult-responsive timeline-item-spt\"  data-ultimate-target='#timeline-item-3382 .timeline-item-spt'  data-responsive-json-new='{\"font-size\":\"\",\"line-height\":\"\"}'  style=\"\"><img loading=\"lazy\" class=\"alignnone size-full wp-image-52904\" src=\"https:\/\/www.imper.it\/wp-content\/uploads\/2018\/03\/storia_2.jpg\" alt=\"\" width=\"1035\" height=\"822\" srcset=\"https:\/\/www.imper.it\/wp-content\/uploads\/2018\/03\/storia_2.jpg 1035w, https:\/\/www.imper.it\/wp-content\/uploads\/2018\/03\/storia_2-600x477.jpg 600w, https:\/\/www.imper.it\/wp-content\/uploads\/2018\/03\/storia_2-300x238.jpg 300w, https:\/\/www.imper.it\/wp-content\/uploads\/2018\/03\/storia_2-768x610.jpg 768w, https:\/\/www.imper.it\/wp-content\/uploads\/2018\/03\/storia_2-1024x813.jpg 1024w\" sizes=\"(max-width: 1035px) 100vw, 1035px\" \/><\/div><\/div> <!-- header --><\/div><\/div><div class=\"timeline-block \"><div class=\"timeline-dot\"><\/div><div class=\"ult-timeline-arrow\"><s><\/s><l><\/l><\/div><div class=\"timeline-icon-block\"><div class=\"ult-timeline-icon tl-icon-no-bg\" style=\"   \"><\/div> <!-- icon --><\/div><div class=\"timeline-header-block\" >\n\t\t\t\t\t\t\t<div id=\"timeline-item-8272\" class=\"timeline-header\" style=\"\"><h3 class=\"ult-timeline-title ult-responsive\"  data-ultimate-target='#timeline-item-8272 .ult-timeline-title'  data-responsive-json-new='{\"font-size\":\"desktop:18px;\",\"line-height\":\"desktop:22px;\"}'  style=\"\">El PARALON, membrana prefabricada Bet\u00fan-Destilado-Pol\u00edmero<\/h3><div class=\"ult-responsive timeline-item-spt\"  data-ultimate-target='#timeline-item-8272 .timeline-item-spt'  data-responsive-json-new='{\"font-size\":\"desktop:16px;\",\"line-height\":\"desktop:20px;\"}'  style=\"\">El sistema tradicional multicapa es superado definitivamente con la llegada de membranas prefabricadas de bet\u00fan destilado-pol\u00edmero reforzado con velo de vidrio. IMPER ITALIA tambi\u00e9n en este per\u00edodo, comienza la producci\u00f3n industrial de PARALON, una membrana prefabricada de impermeabilizaci\u00f3n de bet\u00fan-pol\u00edmero, que modifica el bet\u00fan con pol\u00edmeros de polipropileno (APP Polipropileno At\u00e1ctico). El revolucionario \u00absistema\u00bb de impermeabilizaci\u00f3n da un impulso significativo al crecimiento de la compa\u00f1\u00eda que se destaca por su calidad. De esta manera, IMPER ITALIA ser\u00e1 la primera empresa italiana que, en 1978, obtenga el certificado de idoneidad t\u00e9cnica (Agr\u00e9ment) ICITE (CNR), actualmente ITC, para el PARALON NT4; posteriormente, se extiende a los dem\u00e1s pa\u00edses miembros de la UEAtc (Union Europ\u00e9enne pour l&#8217;Agr\u00e9ment technique dans la construction). Desde 2003, IMPER ITALIA ha recibido, primero en Italia, por parte del ITC, l&#8217;Agr\u00e9ment para las familias PARALON Plus y PARALON Fire, demostrando caracter\u00edsticas inigualables de seguridad, durabilidad, innovaci\u00f3n y singularidad.<\/div><\/div> <!-- header --><\/div><\/div><\/div>\n\t\t\t\t<div id=\"timeline-seperator-4254\" class=\"timeline-separator-text \" data-sep-col=\"\" data-sep-bg-col=\"\"><span class=\"sep-text ult-responsive\"  data-ultimate-target='#timeline-seperator-4254 .sep-text'  data-responsive-json-new='{\"font-size\":\"desktop:20px;\",\"line-height\":\"desktop:24px;\"}'  style=\"border-width:1px;border-radius:5px;\">LOS A\u00d1OS NOVENTA<\/span><\/div><div class=\"timeline-wrapper \"><div class=\"timeline-block \"><div class=\"timeline-dot\"><\/div><div class=\"ult-timeline-arrow\"><s><\/s><l><\/l><\/div><div class=\"timeline-icon-block\"><div class=\"ult-timeline-icon tl-icon-no-bg\" style=\"   \"><\/div> <!-- icon --><\/div><div class=\"timeline-header-block\" >\n\t\t\t\t\t\t\t<div id=\"timeline-item-6282\" class=\"timeline-header\" style=\"\"><h3 class=\"ult-timeline-title ult-responsive\"  data-ultimate-target='#timeline-item-6282 .ult-timeline-title'  data-responsive-json-new='{\"font-size\":\"desktop:18px;\",\"line-height\":\"desktop:22px;\"}'  style=\"\">El SINTOFOIL, una membrana prefabricada sint\u00e9tica innovadora y ecol\u00f3gica<\/h3><div class=\"ult-responsive timeline-item-spt\"  data-ultimate-target='#timeline-item-6282 .timeline-item-spt'  data-responsive-json-new='{\"font-size\":\"desktop:16px;\",\"line-height\":\"desktop:20px;\"}'  style=\"\">A mediados de los a\u00f1os noventa, la empresa, en colaboraci\u00f3n con Montell, crea SINTOFOIL: membrana sint\u00e9tica a base de una aleaci\u00f3n de polipropileno elastomerizado (TPO\/FPA). En 2003, IMPER ITALIA decide adquirir la mayor\u00eda de las acciones en el capital de EURODUE S.r.l. (una empresa especializada en la producci\u00f3n de l\u00e1minas sint\u00e9ticas en el sector de t\u00faneles y obras hidr\u00e1ulicas), completando as\u00ed su perfil de una empresa altamente especializada a 360\u00b0 en el campo de la impermeabilizaci\u00f3n.<\/div><\/div> <!-- header --><\/div><\/div><div class=\"timeline-block \"><div class=\"timeline-dot\"><\/div><div class=\"ult-timeline-arrow\"><s><\/s><l><\/l><\/div><div class=\"timeline-icon-block\"><div class=\"ult-timeline-icon tl-icon-no-bg\" style=\"   \"><\/div> <!-- icon --><\/div><div class=\"timeline-header-block\" >\n\t\t\t\t\t\t\t<div id=\"timeline-item-8719\" class=\"timeline-header\" style=\"\"><h3 class=\"ult-timeline-title ult-responsive\"  data-ultimate-target='#timeline-item-8719 .ult-timeline-title'  data-responsive-json-new='{\"font-size\":\"\",\"line-height\":\"\"}'  style=\"\"><\/h3><div class=\"ult-responsive timeline-item-spt\"  data-ultimate-target='#timeline-item-8719 .timeline-item-spt'  data-responsive-json-new='{\"font-size\":\"\",\"line-height\":\"\"}'  style=\"\"><img loading=\"lazy\" class=\"alignnone size-full wp-image-52905\" src=\"https:\/\/www.imper.it\/wp-content\/uploads\/2018\/03\/storia_3.jpg\" alt=\"\" width=\"960\" height=\"720\" srcset=\"https:\/\/www.imper.it\/wp-content\/uploads\/2018\/03\/storia_3.jpg 960w, https:\/\/www.imper.it\/wp-content\/uploads\/2018\/03\/storia_3-600x450.jpg 600w, https:\/\/www.imper.it\/wp-content\/uploads\/2018\/03\/storia_3-300x225.jpg 300w, https:\/\/www.imper.it\/wp-content\/uploads\/2018\/03\/storia_3-768x576.jpg 768w\" sizes=\"(max-width: 960px) 100vw, 960px\" \/><\/div><\/div> <!-- header --><\/div><\/div><\/div>\n\t\t\t\t<div id=\"timeline-seperator-6552\" class=\"timeline-separator-text \" data-sep-col=\"\" data-sep-bg-col=\"\"><span class=\"sep-text ult-responsive\"  data-ultimate-target='#timeline-seperator-6552 .sep-text'  data-responsive-json-new='{\"font-size\":\"desktop:20px;\",\"line-height\":\"desktop:24px;\"}'  style=\"border-width:1px;border-radius:5px;\">LOS A\u00d1OS 2000<\/span><\/div><div class=\"timeline-wrapper \"><div class=\"timeline-block \"><div class=\"timeline-dot\"><\/div><div class=\"ult-timeline-arrow\"><s><\/s><l><\/l><\/div><div class=\"timeline-icon-block\"><div class=\"ult-timeline-icon tl-icon-no-bg\" style=\"   \"><\/div> <!-- icon --><\/div><div class=\"timeline-header-block\" >\n\t\t\t\t\t\t\t<div id=\"timeline-item-9363\" class=\"timeline-header\" style=\"\"><h3 class=\"ult-timeline-title ult-responsive\"  data-ultimate-target='#timeline-item-9363 .ult-timeline-title'  data-responsive-json-new='{\"font-size\":\"\",\"line-height\":\"\"}'  style=\"\"><\/h3><div class=\"ult-responsive timeline-item-spt\"  data-ultimate-target='#timeline-item-9363 .timeline-item-spt'  data-responsive-json-new='{\"font-size\":\"\",\"line-height\":\"\"}'  style=\"\"><img loading=\"lazy\" class=\"alignnone size-full wp-image-52906\" src=\"https:\/\/www.imper.it\/wp-content\/uploads\/2018\/03\/storia_4.jpg\" alt=\"\" width=\"613\" height=\"370\" srcset=\"https:\/\/www.imper.it\/wp-content\/uploads\/2018\/03\/storia_4.jpg 613w, https:\/\/www.imper.it\/wp-content\/uploads\/2018\/03\/storia_4-600x362.jpg 600w, https:\/\/www.imper.it\/wp-content\/uploads\/2018\/03\/storia_4-300x181.jpg 300w\" sizes=\"(max-width: 613px) 100vw, 613px\" \/><\/div><\/div> <!-- header --><\/div><\/div><div class=\"timeline-block \"><div class=\"timeline-dot\"><\/div><div class=\"ult-timeline-arrow\"><s><\/s><l><\/l><\/div><div class=\"timeline-icon-block\"><div class=\"ult-timeline-icon tl-icon-no-bg\" style=\"   \"><\/div> <!-- icon --><\/div><div class=\"timeline-header-block\" >\n\t\t\t\t\t\t\t<div id=\"timeline-item-4292\" class=\"timeline-header\" style=\"\"><h3 class=\"ult-timeline-title ult-responsive\"  data-ultimate-target='#timeline-item-4292 .ult-timeline-title'  data-responsive-json-new='{\"font-size\":\"desktop:18px;\",\"line-height\":\"desktop:22px;\"}'  style=\"\">El Grupo IMPER entra en la Galaxia TECHNONICOL<\/h3><div class=\"ult-responsive timeline-item-spt\"  data-ultimate-target='#timeline-item-4292 .timeline-item-spt'  data-responsive-json-new='{\"font-size\":\"desktop:16px;\",\"line-height\":\"desktop:20px;\"}'  style=\"\"><\/p>\n<p>A finales de 2014, las empresas del Grupo, IMPER ITALIA Spa y EURODUE Srl pasan a formar parte del grupo industrial TECHNONICOL. En 2015 IMPER ITALIA se transforma en Srl incorporando Spa y Eurodue.<\/p>\n<p>Las dos plantas de producci\u00f3n de Marano y Mappano se agregan a los sitios de producci\u00f3n del Grupo Technonicol consolidando el liderazgo industrial mundial en la producci\u00f3n de membranas de bet\u00fan pol\u00edmero, membranas sint\u00e9ticas, aislantes t\u00e9rmicos y ac\u00fasticos, tejas bituminosas, impermeabilizaci\u00f3n l\u00edquida.<\/p>\n<p><\/div><\/div> <!-- header --><\/div><\/div><\/div>\n\t\t\t\t<div id=\"timeline-seperator-4743\" class=\"timeline-separator-text \" data-sep-col=\"\" data-sep-bg-col=\"\"><span class=\"sep-text ult-responsive\"  data-ultimate-target='#timeline-seperator-4743 .sep-text'  data-responsive-json-new='{\"font-size\":\"desktop:20px;\",\"line-height\":\"desktop:24px;\"}'  style=\"border-width:1px;border-radius:5px;\">HOY<\/span><\/div><div class=\"timeline-wrapper \"><div class=\"timeline-block \"><div class=\"timeline-dot\"><\/div><div class=\"ult-timeline-arrow\"><s><\/s><l><\/l><\/div><div class=\"timeline-icon-block\"><div class=\"ult-timeline-icon tl-icon-no-bg\" style=\"   \"><\/div> <!-- icon --><\/div><div class=\"timeline-header-block\" >\n\t\t\t\t\t\t\t<div id=\"timeline-item-2997\" class=\"timeline-header\" style=\"\"><h3 class=\"ult-timeline-title ult-responsive\"  data-ultimate-target='#timeline-item-2997 .ult-timeline-title'  data-responsive-json-new='{\"font-size\":\"desktop:18px;\",\"line-height\":\"desktop:22px;\"}'  style=\"\">IMPER ITALIA se une al Grupo SOPREMA<\/h3><div class=\"ult-responsive timeline-item-spt\"  data-ultimate-target='#timeline-item-2997 .timeline-item-spt'  data-responsive-json-new='{\"font-size\":\"desktop:16px;\",\"line-height\":\"desktop:20px;\"}'  style=\"\">En junio de 2024, IMPER ITALIA da un paso importante en su trayectoria de crecimiento, uni\u00e9ndose al Grupo SOPREMA, l\u00edder mundial en soluciones de impermeabilizaci\u00f3n y aislamiento. Esta uni\u00f3n refuerza la posici\u00f3n de IMPER ITALIA en el mercado, garantizando nuevas oportunidades de desarrollo, innovaci\u00f3n y sinergias con una red internacional de excellence.<\/div><\/div> <!-- header --><\/div><\/div><div class=\"timeline-block \"><div class=\"timeline-dot\"><\/div><div class=\"ult-timeline-arrow\"><s><\/s><l><\/l><\/div><div class=\"timeline-icon-block\"><div class=\"ult-timeline-icon tl-icon-no-bg\" style=\"   \"><\/div> <!-- icon --><\/div><div class=\"timeline-header-block\" >\n\t\t\t\t\t\t\t<div id=\"timeline-item-3278\" class=\"timeline-header\" style=\"\"><h3 class=\"ult-timeline-title ult-responsive\"  data-ultimate-target='#timeline-item-3278 .ult-timeline-title'  data-responsive-json-new='{\"font-size\":\"\",\"line-height\":\"\"}'  style=\"\"><\/h3><div class=\"ult-responsive timeline-item-spt\"  data-ultimate-target='#timeline-item-3278 .timeline-item-spt'  data-responsive-json-new='{\"font-size\":\"\",\"line-height\":\"\"}'  style=\"\"><\/p>\n<p align=\"center\"><img loading=\"lazy\" class=\"size-full wp-image-52858\" src=\"https:\/\/www.imper.it\/wp-content\/uploads\/2018\/03\/1.jpg\" alt=\"\" width=\"450\" height=\"600\" srcset=\"https:\/\/www.imper.it\/wp-content\/uploads\/2018\/03\/1.jpg 450w, https:\/\/www.imper.it\/wp-content\/uploads\/2018\/03\/1-225x300.jpg 225w\" sizes=\"(max-width: 450px) 100vw, 450px\" \/><\/p>\n<p><\/div><\/div> <!-- header --><\/div><\/div><\/div><\/div>[\/vc_column][\/vc_row]<\/p>\n","protected":false},"excerpt":{"rendered":"<p>[vc_row bg_type=\u00bbimage\u00bb parallax_style=\u00bbvcpb-vz-jquery\u00bb bg_image_new=\u00bbid^56845|url^https:\/\/www.imper.it\/wp-content\/uploads\/2023\/02\/aboutus_storia_small.jpg|caption^null|alt^null|title^aboutus_storia_small|description^null\u00bb bg_image_repeat=\u00bbno-repeat\u00bb bg_override=\u00bbfull\u00bb enable_overlay=\u00bbenable_overlay_value\u00bb overlay_color=\u00bbrgba(0,0,0,0.5)\u00bb overlay_pattern=\u00bbtransperant\u00bb overlay_pattern_opacity=\u00bb25&#8243; css=\u00bb.vc_custom_1677150126037{padding-top: 12% !important;padding-bottom: 12% !important;background-color: #0c0c0c !important;}\u00bb][vc_column][\/vc_column][\/vc_row][vc_row css=\u00bb.vc_custom_1519745514691{margin-top: 70px !important;}\u00bb][vc_column][\/vc_column][\/vc_row]<\/p>\n","protected":false},"author":1,"featured_media":0,"parent":54808,"menu_order":0,"comment_status":"closed","ping_status":"closed","template":"","meta":[],"yoast_head":"<!-- This site is optimized with the Yoast SEO plugin v15.9.2 - https:\/\/yoast.com\/wordpress\/plugins\/seo\/ -->\n<title>Historia - Imper Italia<\/title>\n<meta name=\"robots\" content=\"index, follow, max-snippet:-1, max-image-preview:large, max-video-preview:-1\" \/>\n<link rel=\"canonical\" href=\"https:\/\/www.imper.it\/es\/about-us\/historia\/\" \/>\n<meta property=\"og:locale\" content=\"es_ES\" \/>\n<meta property=\"og:type\" content=\"article\" \/>\n<meta property=\"og:title\" content=\"Historia - Imper Italia\" \/>\n<meta property=\"og:description\" content=\"[vc_row bg_type=\u00bbimage\u00bb parallax_style=\u00bbvcpb-vz-jquery\u00bb bg_image_new=\u00bbid^56845|url^https:\/\/www.imper.it\/wp-content\/uploads\/2023\/02\/aboutus_storia_small.jpg|caption^null|alt^null|title^aboutus_storia_small|description^null\u00bb bg_image_repeat=\u00bbno-repeat\u00bb bg_override=\u00bbfull\u00bb enable_overlay=\u00bbenable_overlay_value\u00bb overlay_color=\u00bbrgba(0,0,0,0.5)\u00bb overlay_pattern=\u00bbtransperant\u00bb overlay_pattern_opacity=\u00bb25&#8243; css=\u00bb.vc_custom_1677150126037{padding-top: 12% !important;padding-bottom: 12% !important;background-color: #0c0c0c !important;}\u00bb][vc_column][\/vc_column][\/vc_row][vc_row css=\u00bb.vc_custom_1519745514691{margin-top: 70px !important;}\u00bb][vc_column][\/vc_column][\/vc_row]\" \/>\n<meta property=\"og:url\" content=\"https:\/\/www.imper.it\/es\/about-us\/historia\/\" \/>\n<meta property=\"og:site_name\" content=\"Imper Italia\" \/>\n<meta property=\"article:modified_time\" content=\"2025-05-26T14:12:09+00:00\" \/>\n<meta property=\"og:image\" content=\"http:\/\/www.imper.it\/wp-content\/uploads\/2018\/03\/1-1.jpg\" \/>\n<meta name=\"twitter:card\" content=\"summary_large_image\" \/>\n<meta name=\"twitter:label1\" content=\"Tiempo de lectura\">\n\t<meta name=\"twitter:data1\" content=\"4 minutos\">\n<script type=\"application\/ld+json\" class=\"yoast-schema-graph\">{\"@context\":\"https:\/\/schema.org\",\"@graph\":[{\"@type\":\"WebSite\",\"@id\":\"https:\/\/www.imper.it\/#website\",\"url\":\"https:\/\/www.imper.it\/\",\"name\":\"Imper Italia\",\"description\":\"Impermeabilizzazione industriale\",\"potentialAction\":[{\"@type\":\"SearchAction\",\"target\":\"https:\/\/www.imper.it\/?s={search_term_string}\",\"query-input\":\"required name=search_term_string\"}],\"inLanguage\":\"es\"},{\"@type\":\"ImageObject\",\"@id\":\"https:\/\/www.imper.it\/es\/about-us\/historia\/#primaryimage\",\"inLanguage\":\"es\",\"url\":\"http:\/\/www.imper.it\/wp-content\/uploads\/2018\/03\/1-1.jpg\"},{\"@type\":\"WebPage\",\"@id\":\"https:\/\/www.imper.it\/es\/about-us\/historia\/#webpage\",\"url\":\"https:\/\/www.imper.it\/es\/about-us\/historia\/\",\"name\":\"Historia - Imper Italia\",\"isPartOf\":{\"@id\":\"https:\/\/www.imper.it\/#website\"},\"primaryImageOfPage\":{\"@id\":\"https:\/\/www.imper.it\/es\/about-us\/historia\/#primaryimage\"},\"datePublished\":\"2018-05-29T14:51:55+00:00\",\"dateModified\":\"2025-05-26T14:12:09+00:00\",\"breadcrumb\":{\"@id\":\"https:\/\/www.imper.it\/es\/about-us\/historia\/#breadcrumb\"},\"inLanguage\":\"es\",\"potentialAction\":[{\"@type\":\"ReadAction\",\"target\":[\"https:\/\/www.imper.it\/es\/about-us\/historia\/\"]}]},{\"@type\":\"BreadcrumbList\",\"@id\":\"https:\/\/www.imper.it\/es\/about-us\/historia\/#breadcrumb\",\"itemListElement\":[{\"@type\":\"ListItem\",\"position\":1,\"item\":{\"@type\":\"WebPage\",\"@id\":\"https:\/\/www.imper.it\/es\/\",\"url\":\"https:\/\/www.imper.it\/es\/\",\"name\":\"Home\"}},{\"@type\":\"ListItem\",\"position\":2,\"item\":{\"@type\":\"WebPage\",\"@id\":\"https:\/\/www.imper.it\/es\/about-us\/\",\"url\":\"https:\/\/www.imper.it\/es\/about-us\/\",\"name\":\"About us\"}},{\"@type\":\"ListItem\",\"position\":3,\"item\":{\"@type\":\"WebPage\",\"@id\":\"https:\/\/www.imper.it\/es\/about-us\/historia\/\",\"url\":\"https:\/\/www.imper.it\/es\/about-us\/historia\/\",\"name\":\"Historia\"}}]}]}<\/script>\n<!-- \/ Yoast SEO plugin. -->","_links":{"self":[{"href":"https:\/\/www.imper.it\/es\/wp-json\/wp\/v2\/pages\/53488"}],"collection":[{"href":"https:\/\/www.imper.it\/es\/wp-json\/wp\/v2\/pages"}],"about":[{"href":"https:\/\/www.imper.it\/es\/wp-json\/wp\/v2\/types\/page"}],"author":[{"embeddable":true,"href":"https:\/\/www.imper.it\/es\/wp-json\/wp\/v2\/users\/1"}],"replies":[{"embeddable":true,"href":"https:\/\/www.imper.it\/es\/wp-json\/wp\/v2\/comments?post=53488"}],"version-history":[{"count":7,"href":"https:\/\/www.imper.it\/es\/wp-json\/wp\/v2\/pages\/53488\/revisions"}],"predecessor-version":[{"id":60146,"href":"https:\/\/www.imper.it\/es\/wp-json\/wp\/v2\/pages\/53488\/revisions\/60146"}],"up":[{"embeddable":true,"href":"https:\/\/www.imper.it\/es\/wp-json\/wp\/v2\/pages\/54808"}],"wp:attachment":[{"href":"https:\/\/www.imper.it\/es\/wp-json\/wp\/v2\/media?parent=53488"}],"curies":[{"name":"wp","href":"https:\/\/api.w.org\/{rel}","templated":true}]}}