{"id":55704,"date":"2018-02-26T17:30:17","date_gmt":"2018-02-26T16:30:17","guid":{"rendered":"http:\/\/www.imper.it\/product\/sintoplan-v-cz\/"},"modified":"2023-03-14T18:07:20","modified_gmt":"2023-03-14T17:07:20","slug":"sintoplan-v-cz","status":"publish","type":"product","link":"https:\/\/www.imper.it\/es\/producto\/sintoplan-v-cz\/","title":{"rendered":"Sintoplan V CZ"},"content":{"rendered":"","protected":false},"excerpt":{"rendered":"<p>Membrana sint\u00e9tica flexible de cloruro de polivinilo plastificado (PVC-P) obtenido por coextrusi\u00f3n. Indica para la impermeabilizaci\u00f3n de coberturas bajo protecci\u00f3n pesada, no resistente a los U.V.<\/p>\n","protected":false},"featured_media":55705,"template":"","meta":[],"yoast_head":"<!-- This site is optimized with the Yoast SEO plugin v15.9.2 - https:\/\/yoast.com\/wordpress\/plugins\/seo\/ -->\n<title>Sintoplan V CZ - Imper Italia<\/title>\n<meta name=\"robots\" content=\"index, follow, max-snippet:-1, max-image-preview:large, max-video-preview:-1\" \/>\n<link rel=\"canonical\" href=\"https:\/\/www.imper.it\/es\/producto\/sintoplan-v-cz\/\" \/>\n<meta property=\"og:locale\" content=\"es_ES\" \/>\n<meta property=\"og:type\" content=\"article\" \/>\n<meta property=\"og:title\" content=\"Sintoplan V CZ - Imper Italia\" \/>\n<meta property=\"og:description\" content=\"Membrana sint\u00e9tica flexible de cloruro de polivinilo plastificado (PVC-P) obtenido por coextrusi\u00f3n. Indica para la impermeabilizaci\u00f3n de coberturas bajo protecci\u00f3n pesada, no resistente a los U.V.\" \/>\n<meta property=\"og:url\" content=\"https:\/\/www.imper.it\/es\/producto\/sintoplan-v-cz\/\" \/>\n<meta property=\"og:site_name\" content=\"Imper Italia\" \/>\n<meta property=\"article:modified_time\" content=\"2023-03-14T17:07:20+00:00\" \/>\n<meta property=\"og:image\" content=\"https:\/\/www.imper.it\/wp-content\/uploads\/2018\/05\/PVC.jpg\" \/>\n\t<meta property=\"og:image:width\" content=\"300\" \/>\n\t<meta property=\"og:image:height\" content=\"300\" \/>\n<meta name=\"twitter:card\" content=\"summary_large_image\" \/>\n<script type=\"application\/ld+json\" class=\"yoast-schema-graph\">{\"@context\":\"https:\/\/schema.org\",\"@graph\":[{\"@type\":\"WebSite\",\"@id\":\"https:\/\/www.imper.it\/#website\",\"url\":\"https:\/\/www.imper.it\/\",\"name\":\"Imper Italia\",\"description\":\"Impermeabilizzazione industriale\",\"potentialAction\":[{\"@type\":\"SearchAction\",\"target\":\"https:\/\/www.imper.it\/?s={search_term_string}\",\"query-input\":\"required name=search_term_string\"}],\"inLanguage\":\"es\"},{\"@type\":\"ImageObject\",\"@id\":\"https:\/\/www.imper.it\/es\/producto\/sintoplan-v-cz\/#primaryimage\",\"inLanguage\":\"es\",\"url\":\"https:\/\/www.imper.it\/wp-content\/uploads\/2018\/05\/PVC.jpg\",\"width\":300,\"height\":300},{\"@type\":\"WebPage\",\"@id\":\"https:\/\/www.imper.it\/es\/producto\/sintoplan-v-cz\/#webpage\",\"url\":\"https:\/\/www.imper.it\/es\/producto\/sintoplan-v-cz\/\",\"name\":\"Sintoplan V CZ - Imper Italia\",\"isPartOf\":{\"@id\":\"https:\/\/www.imper.it\/#website\"},\"primaryImageOfPage\":{\"@id\":\"https:\/\/www.imper.it\/es\/producto\/sintoplan-v-cz\/#primaryimage\"},\"datePublished\":\"2018-02-26T16:30:17+00:00\",\"dateModified\":\"2023-03-14T17:07:20+00:00\",\"breadcrumb\":{\"@id\":\"https:\/\/www.imper.it\/es\/producto\/sintoplan-v-cz\/#breadcrumb\"},\"inLanguage\":\"es\",\"potentialAction\":[{\"@type\":\"ReadAction\",\"target\":[\"https:\/\/www.imper.it\/es\/producto\/sintoplan-v-cz\/\"]}]},{\"@type\":\"BreadcrumbList\",\"@id\":\"https:\/\/www.imper.it\/es\/producto\/sintoplan-v-cz\/#breadcrumb\",\"itemListElement\":[{\"@type\":\"ListItem\",\"position\":1,\"item\":{\"@type\":\"WebPage\",\"@id\":\"https:\/\/www.imper.it\/es\/\",\"url\":\"https:\/\/www.imper.it\/es\/\",\"name\":\"Home\"}},{\"@type\":\"ListItem\",\"position\":2,\"item\":{\"@type\":\"WebPage\",\"@id\":\"https:\/\/www.imper.it\/es\/negozio\/\",\"url\":\"https:\/\/www.imper.it\/es\/negozio\/\",\"name\":\"Shop\"}},{\"@type\":\"ListItem\",\"position\":3,\"item\":{\"@type\":\"WebPage\",\"@id\":\"https:\/\/www.imper.it\/es\/producto\/sintoplan-v-cz\/\",\"url\":\"https:\/\/www.imper.it\/es\/producto\/sintoplan-v-cz\/\",\"name\":\"Sintoplan V CZ\"}}]}]}<\/script>\n<!-- \/ Yoast SEO plugin. -->","_links":{"self":[{"href":"https:\/\/www.imper.it\/es\/wp-json\/wp\/v2\/product\/55704"}],"collection":[{"href":"https:\/\/www.imper.it\/es\/wp-json\/wp\/v2\/product"}],"about":[{"href":"https:\/\/www.imper.it\/es\/wp-json\/wp\/v2\/types\/product"}],"wp:featuredmedia":[{"embeddable":true,"href":"https:\/\/www.imper.it\/es\/wp-json\/wp\/v2\/media\/55705"}],"wp:attachment":[{"href":"https:\/\/www.imper.it\/es\/wp-json\/wp\/v2\/media?parent=55704"}],"curies":[{"name":"wp","href":"https:\/\/api.w.org\/{rel}","templated":true}]}}