{"id":55713,"date":"2018-02-26T17:42:16","date_gmt":"2018-02-26T16:42:16","guid":{"rendered":"http:\/\/www.imper.it\/product\/ecoflex-v-rf\/"},"modified":"2023-03-14T17:41:20","modified_gmt":"2023-03-14T16:41:20","slug":"ecoflex-v-rf","status":"publish","type":"product","link":"https:\/\/www.imper.it\/es\/producto\/ecoflex-v-rf\/","title":{"rendered":"Ecoflex V RF"},"content":{"rendered":"","protected":false},"excerpt":{"rendered":"<p>Membrana impermeabilizante sint\u00e9tica flexible de cloruro de polivinilo plastificado (PVC-P) obtenido por coextrusi\u00f3n. Membrana de capa \u00fanica realizada en versi\u00f3n bicolor (signal layer).<\/p>\n","protected":false},"featured_media":55858,"template":"","meta":[],"yoast_head":"<!-- This site is optimized with the Yoast SEO plugin v15.9.2 - https:\/\/yoast.com\/wordpress\/plugins\/seo\/ -->\n<title>Ecoflex V RF - Imper Italia<\/title>\n<meta name=\"robots\" content=\"index, follow, max-snippet:-1, max-image-preview:large, max-video-preview:-1\" \/>\n<link rel=\"canonical\" href=\"https:\/\/www.imper.it\/es\/producto\/ecoflex-v-rf\/\" \/>\n<meta property=\"og:locale\" content=\"es_ES\" \/>\n<meta property=\"og:type\" content=\"article\" \/>\n<meta property=\"og:title\" content=\"Ecoflex V RF - Imper Italia\" \/>\n<meta property=\"og:description\" content=\"Membrana impermeabilizante sint\u00e9tica flexible de cloruro de polivinilo plastificado (PVC-P) obtenido por coextrusi\u00f3n. Membrana de capa \u00fanica realizada en versi\u00f3n bicolor (signal layer).\" \/>\n<meta property=\"og:url\" content=\"https:\/\/www.imper.it\/es\/producto\/ecoflex-v-rf\/\" \/>\n<meta property=\"og:site_name\" content=\"Imper Italia\" \/>\n<meta property=\"article:modified_time\" content=\"2023-03-14T16:41:20+00:00\" \/>\n<meta property=\"og:image\" content=\"https:\/\/www.imper.it\/wp-content\/uploads\/2019\/11\/tpofpa-es01.jpg\" \/>\n\t<meta property=\"og:image:width\" content=\"300\" \/>\n\t<meta property=\"og:image:height\" content=\"300\" \/>\n<meta name=\"twitter:card\" content=\"summary_large_image\" \/>\n<script type=\"application\/ld+json\" class=\"yoast-schema-graph\">{\"@context\":\"https:\/\/schema.org\",\"@graph\":[{\"@type\":\"WebSite\",\"@id\":\"https:\/\/www.imper.it\/#website\",\"url\":\"https:\/\/www.imper.it\/\",\"name\":\"Imper Italia\",\"description\":\"Impermeabilizzazione industriale\",\"potentialAction\":[{\"@type\":\"SearchAction\",\"target\":\"https:\/\/www.imper.it\/?s={search_term_string}\",\"query-input\":\"required name=search_term_string\"}],\"inLanguage\":\"es\"},{\"@type\":\"ImageObject\",\"@id\":\"https:\/\/www.imper.it\/es\/producto\/ecoflex-v-rf\/#primaryimage\",\"inLanguage\":\"es\",\"url\":\"https:\/\/www.imper.it\/wp-content\/uploads\/2019\/11\/tpofpa-es01.jpg\",\"width\":300,\"height\":300},{\"@type\":\"WebPage\",\"@id\":\"https:\/\/www.imper.it\/es\/producto\/ecoflex-v-rf\/#webpage\",\"url\":\"https:\/\/www.imper.it\/es\/producto\/ecoflex-v-rf\/\",\"name\":\"Ecoflex V RF - Imper Italia\",\"isPartOf\":{\"@id\":\"https:\/\/www.imper.it\/#website\"},\"primaryImageOfPage\":{\"@id\":\"https:\/\/www.imper.it\/es\/producto\/ecoflex-v-rf\/#primaryimage\"},\"datePublished\":\"2018-02-26T16:42:16+00:00\",\"dateModified\":\"2023-03-14T16:41:20+00:00\",\"breadcrumb\":{\"@id\":\"https:\/\/www.imper.it\/es\/producto\/ecoflex-v-rf\/#breadcrumb\"},\"inLanguage\":\"es\",\"potentialAction\":[{\"@type\":\"ReadAction\",\"target\":[\"https:\/\/www.imper.it\/es\/producto\/ecoflex-v-rf\/\"]}]},{\"@type\":\"BreadcrumbList\",\"@id\":\"https:\/\/www.imper.it\/es\/producto\/ecoflex-v-rf\/#breadcrumb\",\"itemListElement\":[{\"@type\":\"ListItem\",\"position\":1,\"item\":{\"@type\":\"WebPage\",\"@id\":\"https:\/\/www.imper.it\/es\/\",\"url\":\"https:\/\/www.imper.it\/es\/\",\"name\":\"Home\"}},{\"@type\":\"ListItem\",\"position\":2,\"item\":{\"@type\":\"WebPage\",\"@id\":\"https:\/\/www.imper.it\/es\/negozio\/\",\"url\":\"https:\/\/www.imper.it\/es\/negozio\/\",\"name\":\"Shop\"}},{\"@type\":\"ListItem\",\"position\":3,\"item\":{\"@type\":\"WebPage\",\"@id\":\"https:\/\/www.imper.it\/es\/producto\/ecoflex-v-rf\/\",\"url\":\"https:\/\/www.imper.it\/es\/producto\/ecoflex-v-rf\/\",\"name\":\"Ecoflex V RF\"}}]}]}<\/script>\n<!-- \/ Yoast SEO plugin. -->","_links":{"self":[{"href":"https:\/\/www.imper.it\/es\/wp-json\/wp\/v2\/product\/55713"}],"collection":[{"href":"https:\/\/www.imper.it\/es\/wp-json\/wp\/v2\/product"}],"about":[{"href":"https:\/\/www.imper.it\/es\/wp-json\/wp\/v2\/types\/product"}],"wp:featuredmedia":[{"embeddable":true,"href":"https:\/\/www.imper.it\/es\/wp-json\/wp\/v2\/media\/55858"}],"wp:attachment":[{"href":"https:\/\/www.imper.it\/es\/wp-json\/wp\/v2\/media?parent=55713"}],"curies":[{"name":"wp","href":"https:\/\/api.w.org\/{rel}","templated":true}]}}