{"id":55717,"date":"2018-02-26T17:30:18","date_gmt":"2018-02-26T16:30:18","guid":{"rendered":"http:\/\/www.imper.it\/product\/sintofoil-walkways\/"},"modified":"2025-07-29T10:19:09","modified_gmt":"2025-07-29T08:19:09","slug":"sintofoil-walkways","status":"publish","type":"product","link":"https:\/\/www.imper.it\/es\/producto\/sintofoil-walkways\/","title":{"rendered":"Sintofoil Walkways"},"content":{"rendered":"","protected":false},"excerpt":{"rendered":"<p>Elemento prefabricado estructurado, obtenido por coextrusi\u00f3n de una aleaci\u00f3n de poliolefinas elastomerizadas, a base de polipropil\u00e9nica (TPO\/FPA), homog\u00e9neo, resistente a los rayos ultravioletas.<\/p>\n","protected":false},"featured_media":60311,"template":"","meta":[],"yoast_head":"<!-- This site is optimized with the Yoast SEO plugin v15.9.2 - https:\/\/yoast.com\/wordpress\/plugins\/seo\/ -->\n<title>Sintofoil Walkways - Imper Italia<\/title>\n<meta name=\"robots\" content=\"index, follow, max-snippet:-1, max-image-preview:large, max-video-preview:-1\" \/>\n<link rel=\"canonical\" href=\"https:\/\/www.imper.it\/es\/producto\/sintofoil-walkways\/\" \/>\n<meta property=\"og:locale\" content=\"es_ES\" \/>\n<meta property=\"og:type\" content=\"article\" \/>\n<meta property=\"og:title\" content=\"Sintofoil Walkways - Imper Italia\" \/>\n<meta property=\"og:description\" content=\"Elemento prefabricado estructurado, obtenido por coextrusi\u00f3n de una aleaci\u00f3n de poliolefinas elastomerizadas, a base de polipropil\u00e9nica (TPO\/FPA), homog\u00e9neo, resistente a los rayos ultravioletas.\" \/>\n<meta property=\"og:url\" content=\"https:\/\/www.imper.it\/es\/producto\/sintofoil-walkways\/\" \/>\n<meta property=\"og:site_name\" content=\"Imper Italia\" \/>\n<meta property=\"article:modified_time\" content=\"2025-07-29T08:19:09+00:00\" \/>\n<meta property=\"og:image\" content=\"https:\/\/www.imper.it\/wp-content\/uploads\/2018\/02\/Sintofoil-Walkways-giallo.jpg\" \/>\n\t<meta property=\"og:image:width\" content=\"600\" \/>\n\t<meta property=\"og:image:height\" content=\"600\" \/>\n<meta name=\"twitter:card\" content=\"summary_large_image\" \/>\n<script type=\"application\/ld+json\" class=\"yoast-schema-graph\">{\"@context\":\"https:\/\/schema.org\",\"@graph\":[{\"@type\":\"WebSite\",\"@id\":\"https:\/\/www.imper.it\/#website\",\"url\":\"https:\/\/www.imper.it\/\",\"name\":\"Imper Italia\",\"description\":\"Impermeabilizzazione industriale\",\"potentialAction\":[{\"@type\":\"SearchAction\",\"target\":\"https:\/\/www.imper.it\/?s={search_term_string}\",\"query-input\":\"required name=search_term_string\"}],\"inLanguage\":\"es\"},{\"@type\":\"ImageObject\",\"@id\":\"https:\/\/www.imper.it\/es\/producto\/sintofoil-walkways\/#primaryimage\",\"inLanguage\":\"es\",\"url\":\"https:\/\/www.imper.it\/wp-content\/uploads\/2018\/02\/Sintofoil-Walkways-giallo.jpg\",\"width\":600,\"height\":600},{\"@type\":\"WebPage\",\"@id\":\"https:\/\/www.imper.it\/es\/producto\/sintofoil-walkways\/#webpage\",\"url\":\"https:\/\/www.imper.it\/es\/producto\/sintofoil-walkways\/\",\"name\":\"Sintofoil Walkways - Imper Italia\",\"isPartOf\":{\"@id\":\"https:\/\/www.imper.it\/#website\"},\"primaryImageOfPage\":{\"@id\":\"https:\/\/www.imper.it\/es\/producto\/sintofoil-walkways\/#primaryimage\"},\"datePublished\":\"2018-02-26T16:30:18+00:00\",\"dateModified\":\"2025-07-29T08:19:09+00:00\",\"breadcrumb\":{\"@id\":\"https:\/\/www.imper.it\/es\/producto\/sintofoil-walkways\/#breadcrumb\"},\"inLanguage\":\"es\",\"potentialAction\":[{\"@type\":\"ReadAction\",\"target\":[\"https:\/\/www.imper.it\/es\/producto\/sintofoil-walkways\/\"]}]},{\"@type\":\"BreadcrumbList\",\"@id\":\"https:\/\/www.imper.it\/es\/producto\/sintofoil-walkways\/#breadcrumb\",\"itemListElement\":[{\"@type\":\"ListItem\",\"position\":1,\"item\":{\"@type\":\"WebPage\",\"@id\":\"https:\/\/www.imper.it\/es\/\",\"url\":\"https:\/\/www.imper.it\/es\/\",\"name\":\"Home\"}},{\"@type\":\"ListItem\",\"position\":2,\"item\":{\"@type\":\"WebPage\",\"@id\":\"https:\/\/www.imper.it\/es\/negozio\/\",\"url\":\"https:\/\/www.imper.it\/es\/negozio\/\",\"name\":\"Shop\"}},{\"@type\":\"ListItem\",\"position\":3,\"item\":{\"@type\":\"WebPage\",\"@id\":\"https:\/\/www.imper.it\/es\/producto\/sintofoil-walkways\/\",\"url\":\"https:\/\/www.imper.it\/es\/producto\/sintofoil-walkways\/\",\"name\":\"Sintofoil Walkways\"}}]}]}<\/script>\n<!-- \/ Yoast SEO plugin. -->","_links":{"self":[{"href":"https:\/\/www.imper.it\/es\/wp-json\/wp\/v2\/product\/55717"}],"collection":[{"href":"https:\/\/www.imper.it\/es\/wp-json\/wp\/v2\/product"}],"about":[{"href":"https:\/\/www.imper.it\/es\/wp-json\/wp\/v2\/types\/product"}],"wp:featuredmedia":[{"embeddable":true,"href":"https:\/\/www.imper.it\/es\/wp-json\/wp\/v2\/media\/60311"}],"wp:attachment":[{"href":"https:\/\/www.imper.it\/es\/wp-json\/wp\/v2\/media?parent=55717"}],"curies":[{"name":"wp","href":"https:\/\/api.w.org\/{rel}","templated":true}]}}