{"id":55736,"date":"2018-02-26T17:30:26","date_gmt":"2018-02-26T16:30:26","guid":{"rendered":"http:\/\/www.imper.it\/product\/fb-sf-adhesive\/"},"modified":"2023-03-14T17:53:51","modified_gmt":"2023-03-14T16:53:51","slug":"fb-sf-adhesive","status":"publish","type":"product","link":"https:\/\/www.imper.it\/es\/producto\/fb-sf-adhesive\/","title":{"rendered":"FB SF Adhesive"},"content":{"rendered":"","protected":false},"excerpt":{"rendered":"<p>Cola a base poliuret\u00e1nica, sin solvente, para la adhesi\u00f3n de las membranas sint\u00e9ticas de la serie SINTOFOIL FB y SINTOPLAN RG FB sobre cemento de baldosas, madera, metal, aislantes y otros soportes adecuados.<\/p>\n","protected":false},"featured_media":58177,"template":"","meta":[],"yoast_head":"<!-- This site is optimized with the Yoast SEO plugin v15.9.2 - https:\/\/yoast.com\/wordpress\/plugins\/seo\/ -->\n<title>FB SF Adhesive - Imper Italia<\/title>\n<meta name=\"robots\" content=\"index, follow, max-snippet:-1, max-image-preview:large, max-video-preview:-1\" \/>\n<link rel=\"canonical\" href=\"https:\/\/www.imper.it\/es\/producto\/fb-sf-adhesive\/\" \/>\n<meta property=\"og:locale\" content=\"es_ES\" \/>\n<meta property=\"og:type\" content=\"article\" \/>\n<meta property=\"og:title\" content=\"FB SF Adhesive - Imper Italia\" \/>\n<meta property=\"og:description\" content=\"Cola a base poliuret\u00e1nica, sin solvente, para la adhesi\u00f3n de las membranas sint\u00e9ticas de la serie SINTOFOIL FB y SINTOPLAN RG FB sobre cemento de baldosas, madera, metal, aislantes y otros soportes adecuados.\" \/>\n<meta property=\"og:url\" content=\"https:\/\/www.imper.it\/es\/producto\/fb-sf-adhesive\/\" \/>\n<meta property=\"og:site_name\" content=\"Imper Italia\" \/>\n<meta property=\"article:modified_time\" content=\"2023-03-14T16:53:51+00:00\" \/>\n<meta property=\"og:image\" content=\"https:\/\/www.imper.it\/wp-content\/uploads\/2018\/06\/Autoadesive.jpg\" \/>\n\t<meta property=\"og:image:width\" content=\"300\" \/>\n\t<meta property=\"og:image:height\" content=\"300\" \/>\n<meta name=\"twitter:card\" content=\"summary_large_image\" \/>\n<script type=\"application\/ld+json\" class=\"yoast-schema-graph\">{\"@context\":\"https:\/\/schema.org\",\"@graph\":[{\"@type\":\"WebSite\",\"@id\":\"https:\/\/www.imper.it\/#website\",\"url\":\"https:\/\/www.imper.it\/\",\"name\":\"Imper Italia\",\"description\":\"Impermeabilizzazione industriale\",\"potentialAction\":[{\"@type\":\"SearchAction\",\"target\":\"https:\/\/www.imper.it\/?s={search_term_string}\",\"query-input\":\"required name=search_term_string\"}],\"inLanguage\":\"es\"},{\"@type\":\"ImageObject\",\"@id\":\"https:\/\/www.imper.it\/es\/producto\/fb-sf-adhesive\/#primaryimage\",\"inLanguage\":\"es\",\"url\":\"https:\/\/www.imper.it\/wp-content\/uploads\/2018\/10\/Speciali.jpg\",\"width\":300,\"height\":300},{\"@type\":\"WebPage\",\"@id\":\"https:\/\/www.imper.it\/es\/producto\/fb-sf-adhesive\/#webpage\",\"url\":\"https:\/\/www.imper.it\/es\/producto\/fb-sf-adhesive\/\",\"name\":\"FB SF Adhesive - Imper Italia\",\"isPartOf\":{\"@id\":\"https:\/\/www.imper.it\/#website\"},\"primaryImageOfPage\":{\"@id\":\"https:\/\/www.imper.it\/es\/producto\/fb-sf-adhesive\/#primaryimage\"},\"datePublished\":\"2018-02-26T16:30:26+00:00\",\"dateModified\":\"2023-03-14T16:53:51+00:00\",\"breadcrumb\":{\"@id\":\"https:\/\/www.imper.it\/es\/producto\/fb-sf-adhesive\/#breadcrumb\"},\"inLanguage\":\"es\",\"potentialAction\":[{\"@type\":\"ReadAction\",\"target\":[\"https:\/\/www.imper.it\/es\/producto\/fb-sf-adhesive\/\"]}]},{\"@type\":\"BreadcrumbList\",\"@id\":\"https:\/\/www.imper.it\/es\/producto\/fb-sf-adhesive\/#breadcrumb\",\"itemListElement\":[{\"@type\":\"ListItem\",\"position\":1,\"item\":{\"@type\":\"WebPage\",\"@id\":\"https:\/\/www.imper.it\/es\/\",\"url\":\"https:\/\/www.imper.it\/es\/\",\"name\":\"Home\"}},{\"@type\":\"ListItem\",\"position\":2,\"item\":{\"@type\":\"WebPage\",\"@id\":\"https:\/\/www.imper.it\/es\/negozio\/\",\"url\":\"https:\/\/www.imper.it\/es\/negozio\/\",\"name\":\"Shop\"}},{\"@type\":\"ListItem\",\"position\":3,\"item\":{\"@type\":\"WebPage\",\"@id\":\"https:\/\/www.imper.it\/es\/producto\/fb-sf-adhesive\/\",\"url\":\"https:\/\/www.imper.it\/es\/producto\/fb-sf-adhesive\/\",\"name\":\"FB SF Adhesive\"}}]}]}<\/script>\n<!-- \/ Yoast SEO plugin. -->","_links":{"self":[{"href":"https:\/\/www.imper.it\/es\/wp-json\/wp\/v2\/product\/55736"}],"collection":[{"href":"https:\/\/www.imper.it\/es\/wp-json\/wp\/v2\/product"}],"about":[{"href":"https:\/\/www.imper.it\/es\/wp-json\/wp\/v2\/types\/product"}],"wp:featuredmedia":[{"embeddable":true,"href":"https:\/\/www.imper.it\/es\/wp-json\/wp\/v2\/media\/58177"}],"wp:attachment":[{"href":"https:\/\/www.imper.it\/es\/wp-json\/wp\/v2\/media?parent=55736"}],"curies":[{"name":"wp","href":"https:\/\/api.w.org\/{rel}","templated":true}]}}