{"id":55741,"date":"2018-02-26T17:42:18","date_gmt":"2018-02-26T16:42:18","guid":{"rendered":"http:\/\/www.imper.it\/product\/imper-disk\/"},"modified":"2023-03-14T16:53:36","modified_gmt":"2023-03-14T15:53:36","slug":"imper-disk","status":"publish","type":"product","link":"https:\/\/www.imper.it\/es\/producto\/imper-disk\/","title":{"rendered":"Imper Disk"},"content":{"rendered":"","protected":false},"excerpt":{"rendered":"<p>Disco de fijaci\u00f3n para membranas impermeabilizantes sobre soportes verticales y el intrad\u00f3s de t\u00faneles.<\/p>\n","protected":false},"featured_media":55742,"template":"","meta":[],"yoast_head":"<!-- This site is optimized with the Yoast SEO plugin v15.9.2 - https:\/\/yoast.com\/wordpress\/plugins\/seo\/ -->\n<title>Imper Disk - Imper Italia<\/title>\n<meta name=\"robots\" content=\"index, follow, max-snippet:-1, max-image-preview:large, max-video-preview:-1\" \/>\n<link rel=\"canonical\" href=\"https:\/\/www.imper.it\/es\/producto\/imper-disk\/\" \/>\n<meta property=\"og:locale\" content=\"es_ES\" \/>\n<meta property=\"og:type\" content=\"article\" \/>\n<meta property=\"og:title\" content=\"Imper Disk - Imper Italia\" \/>\n<meta property=\"og:description\" content=\"Disco de fijaci\u00f3n para membranas impermeabilizantes sobre soportes verticales y el intrad\u00f3s de t\u00faneles.\" \/>\n<meta property=\"og:url\" content=\"https:\/\/www.imper.it\/es\/producto\/imper-disk\/\" \/>\n<meta property=\"og:site_name\" content=\"Imper Italia\" \/>\n<meta property=\"article:modified_time\" content=\"2023-03-14T15:53:36+00:00\" \/>\n<meta property=\"og:image\" content=\"https:\/\/www.imper.it\/wp-content\/uploads\/2018\/05\/IMPER_DISK.jpg\" \/>\n\t<meta property=\"og:image:width\" content=\"300\" \/>\n\t<meta property=\"og:image:height\" content=\"300\" \/>\n<meta name=\"twitter:card\" content=\"summary_large_image\" \/>\n<script type=\"application\/ld+json\" class=\"yoast-schema-graph\">{\"@context\":\"https:\/\/schema.org\",\"@graph\":[{\"@type\":\"WebSite\",\"@id\":\"https:\/\/www.imper.it\/#website\",\"url\":\"https:\/\/www.imper.it\/\",\"name\":\"Imper Italia\",\"description\":\"Impermeabilizzazione industriale\",\"potentialAction\":[{\"@type\":\"SearchAction\",\"target\":\"https:\/\/www.imper.it\/?s={search_term_string}\",\"query-input\":\"required name=search_term_string\"}],\"inLanguage\":\"es\"},{\"@type\":\"ImageObject\",\"@id\":\"https:\/\/www.imper.it\/es\/producto\/imper-disk\/#primaryimage\",\"inLanguage\":\"es\",\"url\":\"https:\/\/www.imper.it\/wp-content\/uploads\/2018\/05\/IMPER_DISK.jpg\",\"width\":300,\"height\":300},{\"@type\":\"WebPage\",\"@id\":\"https:\/\/www.imper.it\/es\/producto\/imper-disk\/#webpage\",\"url\":\"https:\/\/www.imper.it\/es\/producto\/imper-disk\/\",\"name\":\"Imper Disk - Imper Italia\",\"isPartOf\":{\"@id\":\"https:\/\/www.imper.it\/#website\"},\"primaryImageOfPage\":{\"@id\":\"https:\/\/www.imper.it\/es\/producto\/imper-disk\/#primaryimage\"},\"datePublished\":\"2018-02-26T16:42:18+00:00\",\"dateModified\":\"2023-03-14T15:53:36+00:00\",\"breadcrumb\":{\"@id\":\"https:\/\/www.imper.it\/es\/producto\/imper-disk\/#breadcrumb\"},\"inLanguage\":\"es\",\"potentialAction\":[{\"@type\":\"ReadAction\",\"target\":[\"https:\/\/www.imper.it\/es\/producto\/imper-disk\/\"]}]},{\"@type\":\"BreadcrumbList\",\"@id\":\"https:\/\/www.imper.it\/es\/producto\/imper-disk\/#breadcrumb\",\"itemListElement\":[{\"@type\":\"ListItem\",\"position\":1,\"item\":{\"@type\":\"WebPage\",\"@id\":\"https:\/\/www.imper.it\/es\/\",\"url\":\"https:\/\/www.imper.it\/es\/\",\"name\":\"Home\"}},{\"@type\":\"ListItem\",\"position\":2,\"item\":{\"@type\":\"WebPage\",\"@id\":\"https:\/\/www.imper.it\/es\/negozio\/\",\"url\":\"https:\/\/www.imper.it\/es\/negozio\/\",\"name\":\"Shop\"}},{\"@type\":\"ListItem\",\"position\":3,\"item\":{\"@type\":\"WebPage\",\"@id\":\"https:\/\/www.imper.it\/es\/producto\/imper-disk\/\",\"url\":\"https:\/\/www.imper.it\/es\/producto\/imper-disk\/\",\"name\":\"Imper Disk\"}}]}]}<\/script>\n<!-- \/ Yoast SEO plugin. -->","_links":{"self":[{"href":"https:\/\/www.imper.it\/es\/wp-json\/wp\/v2\/product\/55741"}],"collection":[{"href":"https:\/\/www.imper.it\/es\/wp-json\/wp\/v2\/product"}],"about":[{"href":"https:\/\/www.imper.it\/es\/wp-json\/wp\/v2\/types\/product"}],"wp:featuredmedia":[{"embeddable":true,"href":"https:\/\/www.imper.it\/es\/wp-json\/wp\/v2\/media\/55742"}],"wp:attachment":[{"href":"https:\/\/www.imper.it\/es\/wp-json\/wp\/v2\/media?parent=55741"}],"curies":[{"name":"wp","href":"https:\/\/api.w.org\/{rel}","templated":true}]}}