{"id":55751,"date":"2018-03-06T11:51:03","date_gmt":"2018-03-06T10:51:03","guid":{"rendered":"http:\/\/www.imper.it\/product\/sintofoil-st-wps-pt\/"},"modified":"2018-03-06T11:51:03","modified_gmt":"2018-03-06T10:51:03","slug":"sintofoil-st-wps-pt","status":"publish","type":"product","link":"https:\/\/www.imper.it\/es\/producto\/sintofoil-st-wps-pt\/","title":{"rendered":"SINTOFOIL ST\/WPS PT"},"content":{"rendered":"","protected":false},"excerpt":{"rendered":"<p>Membrana sint\u00e9tica obtenida por coextrusi\u00f3n de una aleaci\u00f3n de poliolefinas elastomerizadas, de particular flexibilidad, homog\u00e9nea.<\/p>\n","protected":false},"featured_media":55752,"template":"","meta":[],"yoast_head":"<!-- This site is optimized with the Yoast SEO plugin v15.9.2 - https:\/\/yoast.com\/wordpress\/plugins\/seo\/ -->\n<title>SINTOFOIL ST\/WPS PT - Imper Italia<\/title>\n<meta name=\"robots\" content=\"index, follow, max-snippet:-1, max-image-preview:large, max-video-preview:-1\" \/>\n<link rel=\"canonical\" href=\"https:\/\/www.imper.it\/es\/producto\/sintofoil-st-wps-pt\/\" \/>\n<meta property=\"og:locale\" content=\"es_ES\" \/>\n<meta property=\"og:type\" content=\"article\" \/>\n<meta property=\"og:title\" content=\"SINTOFOIL ST\/WPS PT - Imper Italia\" \/>\n<meta property=\"og:description\" content=\"Membrana sint\u00e9tica obtenida por coextrusi\u00f3n de una aleaci\u00f3n de poliolefinas elastomerizadas, de particular flexibilidad, homog\u00e9nea.\" \/>\n<meta property=\"og:url\" content=\"https:\/\/www.imper.it\/es\/producto\/sintofoil-st-wps-pt\/\" \/>\n<meta property=\"og:site_name\" content=\"Imper Italia\" \/>\n<meta property=\"og:image\" content=\"https:\/\/www.imper.it\/wp-content\/uploads\/2018\/03\/SINTOFOIL-ST-WPS-PT.jpg\" \/>\n\t<meta property=\"og:image:width\" content=\"300\" \/>\n\t<meta property=\"og:image:height\" content=\"300\" \/>\n<meta name=\"twitter:card\" content=\"summary_large_image\" \/>\n<script type=\"application\/ld+json\" class=\"yoast-schema-graph\">{\"@context\":\"https:\/\/schema.org\",\"@graph\":[{\"@type\":\"WebSite\",\"@id\":\"https:\/\/www.imper.it\/#website\",\"url\":\"https:\/\/www.imper.it\/\",\"name\":\"Imper Italia\",\"description\":\"Impermeabilizzazione industriale\",\"potentialAction\":[{\"@type\":\"SearchAction\",\"target\":\"https:\/\/www.imper.it\/?s={search_term_string}\",\"query-input\":\"required name=search_term_string\"}],\"inLanguage\":\"es\"},{\"@type\":\"ImageObject\",\"@id\":\"https:\/\/www.imper.it\/es\/producto\/sintofoil-st-wps-pt\/#primaryimage\",\"inLanguage\":\"es\",\"url\":\"https:\/\/www.imper.it\/wp-content\/uploads\/2018\/03\/SINTOFOIL-ST-WPS-PT.jpg\",\"width\":300,\"height\":300},{\"@type\":\"WebPage\",\"@id\":\"https:\/\/www.imper.it\/es\/producto\/sintofoil-st-wps-pt\/#webpage\",\"url\":\"https:\/\/www.imper.it\/es\/producto\/sintofoil-st-wps-pt\/\",\"name\":\"SINTOFOIL ST\/WPS PT - Imper Italia\",\"isPartOf\":{\"@id\":\"https:\/\/www.imper.it\/#website\"},\"primaryImageOfPage\":{\"@id\":\"https:\/\/www.imper.it\/es\/producto\/sintofoil-st-wps-pt\/#primaryimage\"},\"datePublished\":\"2018-03-06T10:51:03+00:00\",\"dateModified\":\"2018-03-06T10:51:03+00:00\",\"breadcrumb\":{\"@id\":\"https:\/\/www.imper.it\/es\/producto\/sintofoil-st-wps-pt\/#breadcrumb\"},\"inLanguage\":\"es\",\"potentialAction\":[{\"@type\":\"ReadAction\",\"target\":[\"https:\/\/www.imper.it\/es\/producto\/sintofoil-st-wps-pt\/\"]}]},{\"@type\":\"BreadcrumbList\",\"@id\":\"https:\/\/www.imper.it\/es\/producto\/sintofoil-st-wps-pt\/#breadcrumb\",\"itemListElement\":[{\"@type\":\"ListItem\",\"position\":1,\"item\":{\"@type\":\"WebPage\",\"@id\":\"https:\/\/www.imper.it\/es\/\",\"url\":\"https:\/\/www.imper.it\/es\/\",\"name\":\"Home\"}},{\"@type\":\"ListItem\",\"position\":2,\"item\":{\"@type\":\"WebPage\",\"@id\":\"https:\/\/www.imper.it\/es\/negozio\/\",\"url\":\"https:\/\/www.imper.it\/es\/negozio\/\",\"name\":\"Shop\"}},{\"@type\":\"ListItem\",\"position\":3,\"item\":{\"@type\":\"WebPage\",\"@id\":\"https:\/\/www.imper.it\/es\/producto\/sintofoil-st-wps-pt\/\",\"url\":\"https:\/\/www.imper.it\/es\/producto\/sintofoil-st-wps-pt\/\",\"name\":\"SINTOFOIL ST\/WPS PT\"}}]}]}<\/script>\n<!-- \/ Yoast SEO plugin. -->","_links":{"self":[{"href":"https:\/\/www.imper.it\/es\/wp-json\/wp\/v2\/product\/55751"}],"collection":[{"href":"https:\/\/www.imper.it\/es\/wp-json\/wp\/v2\/product"}],"about":[{"href":"https:\/\/www.imper.it\/es\/wp-json\/wp\/v2\/types\/product"}],"wp:featuredmedia":[{"embeddable":true,"href":"https:\/\/www.imper.it\/es\/wp-json\/wp\/v2\/media\/55752"}],"wp:attachment":[{"href":"https:\/\/www.imper.it\/es\/wp-json\/wp\/v2\/media?parent=55751"}],"curies":[{"name":"wp","href":"https:\/\/api.w.org\/{rel}","templated":true}]}}